{"id":2423,"date":"2022-09-01T11:32:56","date_gmt":"2022-09-01T09:32:56","guid":{"rendered":"https:\/\/www.getemed.de\/?page_id=2423"},"modified":"2025-10-16T14:07:44","modified_gmt":"2025-10-16T12:07:44","slug":"about-us","status":"publish","type":"page","link":"https:\/\/www.getemed.de\/en\/about-us\/","title":{"rendered":"About Us"},"content":{"rendered":"<div data-elementor-type=\"wp-page\" data-elementor-id=\"2423\" class=\"elementor elementor-2423\" data-elementor-post-type=\"page\">\n\t\t\t\t\t\t<section class=\"elementor-section elementor-top-section elementor-element elementor-element-7449343e elementor-section-height-min-height elementor-reverse-mobile elementor-reverse-tablet elementor-section-boxed elementor-section-height-default elementor-section-items-middle elementor-invisible\" data-id=\"7449343e\" data-element_type=\"section\" data-e-type=\"section\" data-settings=\"{&quot;background_background&quot;:&quot;classic&quot;,&quot;animation&quot;:&quot;fadeIn&quot;}\">\n\t\t\t\t\t\t\t<div class=\"elementor-background-overlay\"><\/div>\n\t\t\t\t\t\t\t<div class=\"elementor-container elementor-column-gap-default\">\n\t\t\t\t\t<div class=\"elementor-column elementor-col-100 elementor-top-column elementor-element elementor-element-4cb62e05\" data-id=\"4cb62e05\" data-element_type=\"column\" data-e-type=\"column\">\n\t\t\t<div class=\"elementor-widget-wrap elementor-element-populated\">\n\t\t\t\t\t\t<div class=\"elementor-element elementor-element-71472a32 elementor-widget__width-inherit elementor-widget elementor-widget-heading\" data-id=\"71472a32\" data-element_type=\"widget\" data-e-type=\"widget\" data-widget_type=\"heading.default\">\n\t\t\t\t<div class=\"elementor-widget-container\">\n\t\t\t\t\t<h1 class=\"elementor-heading-title elementor-size-default\">About Us<\/h1>\t\t\t\t<\/div>\n\t\t\t\t<\/div>\n\t\t\t\t\t<\/div>\n\t\t<\/div>\n\t\t\t\t\t<\/div>\n\t\t<\/section>\n\t\t\t\t<section class=\"elementor-section elementor-top-section elementor-element elementor-element-5018bd03 elementor-section-boxed elementor-section-height-default elementor-section-height-default\" data-id=\"5018bd03\" data-element_type=\"section\" data-e-type=\"section\">\n\t\t\t\t\t\t<div class=\"elementor-container elementor-column-gap-default\">\n\t\t\t\t\t<div class=\"elementor-column elementor-col-100 elementor-top-column elementor-element elementor-element-342e416c\" data-id=\"342e416c\" data-element_type=\"column\" data-e-type=\"column\">\n\t\t\t<div class=\"elementor-widget-wrap elementor-element-populated\">\n\t\t\t\t\t\t<div class=\"elementor-element elementor-element-548252b5 elementor-widget elementor-widget-text-editor\" data-id=\"548252b5\" data-element_type=\"widget\" data-e-type=\"widget\" data-widget_type=\"text-editor.default\">\n\t\t\t\t<div class=\"elementor-widget-container\">\n\t\t\t\t\t\t\t\t\t<p><strong>Our Vision<\/strong><\/p><p>With experience, passion, and creativity, we design modern medical devices for a healthcare sector geared to improve the quality of life and save lives every day.<\/p>\t\t\t\t\t\t\t\t<\/div>\n\t\t\t\t<\/div>\n\t\t\t\t<div class=\"elementor-element elementor-element-6d30137 elementor-widget elementor-widget-text-editor\" data-id=\"6d30137\" data-element_type=\"widget\" data-e-type=\"widget\" data-widget_type=\"text-editor.default\">\n\t\t\t\t<div class=\"elementor-widget-container\">\n\t\t\t\t\t\t\t\t\t<p class=\"MsoNoSpacing translation-block\">Innovative <br> Medical Technology <br> from Teltow<\/p><p>For over 40 years, GETEMED has been synonymous with reliable solutions in medical technology. We combine development, production, approval, and worldwide distribution through long-standing partners\u2014MDR-compliant and ISO 13485-certified. Around 70 employees work in Teltow to provide medical devices that are safe and practical.<\/p><p>Our portfolio focuses on three key areas: outpatient vital sign monitoring, cardiological functional diagnostics, and telemonitoring. We combine the core competencies of all business areas and use them to develop solutions that are precisely tailored to the needs of the healthcare sector. We are consistently advancing technologically and expanding our range of services to include AI-supported ECG analysis services (with MDR approval) and operate a web platform for ECG evaluation.<\/p><p>New generations of products are continuously being developed in line with the latest technology and are designed to integrate seamlessly into clinical and outpatient processes. In addition, we cooperate closely with clinics and universities. In research, we take on responsibility and act as consortium leader of the \u201cHealth Region of the Future North Brandenburg \u2013 Fontane\u201d (TIM-HF2, The Lancet) and as consortium leader of the FACE project for ECG analysis in the cloud-edge continuum, actively shaping the future of medical innovation with our expertise and enabling sustainable progress for patients and the healthcare system.<\/p><p>In short: quality, reliability, and optimism are the values we work by every day.<\/p>\t\t\t\t\t\t\t\t<\/div>\n\t\t\t\t<\/div>\n\t\t\t\t<div class=\"elementor-element elementor-element-423c3fbe elementor-widget elementor-widget-text-editor\" data-id=\"423c3fbe\" data-element_type=\"widget\" data-e-type=\"widget\" data-widget_type=\"text-editor.default\">\n\t\t\t\t<div class=\"elementor-widget-container\">\n\t\t\t\t\t\t\t\t\t<p><b>Telemonitoring: Improved Quality of Life, Best Support<\/b><\/p><p class=\"MsoNoSpacing\"><span lang=\"DE\" style=\"background-image: initial; background-position: initial; background-size: initial; background-repeat: initial; background-attachment: initial; background-origin: initial; background-clip: initial;\">It is GETEMED's strategic goal to develop customised solutions and innovative treatments for telemedical applications by merging the core expertise from the two fields of cardiological diagnostics and vital signs monitoring. Although GETEMED\u2019s initial focus was on ambulatory monitoring of newborns, the company has progressed to become a specialist in telemonitoring applications for high-risk patients from all age groups. GETEMED has participated in renowned telemedical study and research projects since 2003. Currently the company belongs to the FONTANE project consortium, which won the Federal Ministry of Education and Research (BMBF) competition \"Health Regions of the Future\" in May 2009 with its project for the North Brandenburg health region. Within this context, a new support model for treating patients suffering from heart related illnesses is currently being put into place for this rural, underdeveloped area.\u00a0<\/span><\/p>\t\t\t\t\t\t\t\t<\/div>\n\t\t\t\t<\/div>\n\t\t\t\t<div class=\"elementor-element elementor-element-19b911e4 elementor-widget elementor-widget-text-editor\" data-id=\"19b911e4\" data-element_type=\"widget\" data-e-type=\"widget\" data-widget_type=\"text-editor.default\">\n\t\t\t\t<div class=\"elementor-widget-container\">\n\t\t\t\t\t\t\t\t\t<p><b style=\"color: var( --e-global-color-text );\"><span lang=\"DE\">Vitalfunktions-Monitoring &#8211; Mehr Sicherheit f\u00fcr Risikopatienten<\/span><\/b><\/p><p><span lang=\"DE\">GETEMED\u2019s VitaGuard monitors are small, lightweight, portable devices designed to monitor physiological parameters such as heart rate, respiration and oxygen saturation. The devices are mainly used in outpatient services but can just as well be used for monitoring vital signs in clinical environments. Each of the three VitaGuard models is highly complex and yet easy to use, not only for trained clinical personnel but also for caregivers without previous medical or technical training. They trigger an acoustic and visual alarm if the patient\u2019s vital signs exceed or fall below set limits. All data and waveforms are recorded before, during and after an event and can be viewed on the VitaGuard display directly or on a PC using the VitaWin evaluation software.\u00a0<\/span><\/p>\t\t\t\t\t\t\t\t<\/div>\n\t\t\t\t<\/div>\n\t\t\t\t<div class=\"elementor-element elementor-element-18509caa elementor-widget elementor-widget-text-editor\" data-id=\"18509caa\" data-element_type=\"widget\" data-e-type=\"widget\" data-widget_type=\"text-editor.default\">\n\t\t\t\t<div class=\"elementor-widget-container\">\n\t\t\t\t\t\t\t\t\t<p class=\"MsoNoSpacing\"><b><span lang=\"DE\">Efficient Diagnostics: CardioDay Holter ECG System<\/span><\/b><\/p><p class=\"MsoNoSpacing\"><span lang=\"DE\">GETEMED offers the CardioDay<sup>\u00ae<\/sup> Holter ECG analysis software together with the CardioMem<sup>\u00ae<\/sup> series of recorders for acquiring, detecting and analysing cardiac arrhythmia. When developing new products, GETEMED always focuses on the needs of the potential users. The newly developed CardioMem CM 4000 recorder underlines this philosophy by providing a high resolution colour display with touch screen functionality for the user interface, thereby making it extremely easy to use. As a result, measurement and other device parameters can be changed intuitively.<\/span><\/p>\t\t\t\t\t\t\t\t<\/div>\n\t\t\t\t<\/div>\n\t\t\t\t<div class=\"elementor-element elementor-element-34223e8a elementor-widget elementor-widget-text-editor\" data-id=\"34223e8a\" data-element_type=\"widget\" data-e-type=\"widget\" data-widget_type=\"text-editor.default\">\n\t\t\t\t<div class=\"elementor-widget-container\">\n\t\t\t\t\t\t\t\t\t<p class=\"MsoNoSpacing\"><b><span lang=\"DE\">Pooled Expertise<\/span><\/b><\/p><p class=\"MsoNoSpacing\"><span lang=\"DE\">The company works together with experts from different scientific disciplines so that medical needs can be better understood when developing new products. The Berlin-Brandenburg region offers good conditions and an ideal infrastructure for close collaboration with clinics, universities and other scientific institutions.<\/span><\/p>\t\t\t\t\t\t\t\t<\/div>\n\t\t\t\t<\/div>\n\t\t\t\t\t<\/div>\n\t\t<\/div>\n\t\t\t\t\t<\/div>\n\t\t<\/section>\n\t\t\t\t<\/div>","protected":false},"excerpt":{"rendered":"<p>\u00dcber uns Unsere Vision Mit Erfahrung, Leidenschaft und Kreativit\u00e4t schaffen wir moderne Medizinprodukte f\u00fcr eine Gesundheitsversorgung, die Lebensqualit\u00e4t verbessert und jeden Tag Leben rettet. Innovative Medizintechnik aus Teltow GETEMED steht [&hellip;]<\/p>\n","protected":false},"author":219149281,"featured_media":0,"parent":0,"menu_order":0,"comment_status":"closed","ping_status":"closed","template":"","meta":{"footnotes":""},"class_list":["post-2423","page","type-page","status-publish","hentry"],"yoast_head":"<!-- This site is optimized with the Yoast SEO plugin v27.3 - https:\/\/yoast.com\/product\/yoast-seo-wordpress\/ -->\n<title>About Us - Medizin- und Informationstechnik AG<\/title>\n<meta name=\"robots\" content=\"index, follow, max-snippet:-1, max-image-preview:large, max-video-preview:-1\" \/>\n<link rel=\"canonical\" href=\"https:\/\/www.getemed.de\/en\/about-us\/\" \/>\n<meta property=\"og:locale\" content=\"en_US\" \/>\n<meta property=\"og:type\" content=\"article\" \/>\n<meta property=\"og:title\" content=\"About Us - Medizin- und Informationstechnik AG\" \/>\n<meta property=\"og:description\" content=\"\u00dcber uns Unsere Vision Mit Erfahrung, Leidenschaft und Kreativit\u00e4t schaffen wir moderne Medizinprodukte f\u00fcr eine Gesundheitsversorgung, die Lebensqualit\u00e4t verbessert und jeden Tag Leben rettet. Innovative Medizintechnik aus Teltow GETEMED steht [&hellip;]\" \/>\n<meta property=\"og:url\" content=\"https:\/\/www.getemed.de\/en\/about-us\/\" \/>\n<meta property=\"og:site_name\" content=\"Medizin- und Informationstechnik AG\" \/>\n<meta property=\"article:modified_time\" content=\"2025-10-16T12:07:44+00:00\" \/>\n<meta name=\"twitter:card\" content=\"summary_large_image\" \/>\n<meta name=\"twitter:label1\" content=\"Est. reading time\" \/>\n\t<meta name=\"twitter:data1\" content=\"3 minutes\" \/>\n<script type=\"application\/ld+json\" class=\"yoast-schema-graph\">{\"@context\":\"https:\\\/\\\/schema.org\",\"@graph\":[{\"@type\":\"WebPage\",\"@id\":\"https:\\\/\\\/www.getemed.de\\\/de\\\/about-us\\\/\",\"url\":\"https:\\\/\\\/www.getemed.de\\\/de\\\/about-us\\\/\",\"name\":\"About Us - Medizin- und Informationstechnik AG\",\"isPartOf\":{\"@id\":\"https:\\\/\\\/www.getemed.de\\\/de\\\/#website\"},\"datePublished\":\"2022-09-01T09:32:56+00:00\",\"dateModified\":\"2025-10-16T12:07:44+00:00\",\"inLanguage\":\"en-US\",\"potentialAction\":[{\"@type\":\"ReadAction\",\"target\":[\"https:\\\/\\\/www.getemed.de\\\/de\\\/about-us\\\/\"]}]},{\"@type\":\"WebSite\",\"@id\":\"https:\\\/\\\/www.getemed.de\\\/de\\\/#website\",\"url\":\"https:\\\/\\\/www.getemed.de\\\/de\\\/\",\"name\":\"GETEMED Medizin- und Informationstechnik AG\",\"description\":\"\",\"publisher\":{\"@id\":\"https:\\\/\\\/www.getemed.de\\\/de\\\/#organization\"},\"potentialAction\":[{\"@type\":\"SearchAction\",\"target\":{\"@type\":\"EntryPoint\",\"urlTemplate\":\"https:\\\/\\\/www.getemed.de\\\/de\\\/?s={search_term_string}\"},\"query-input\":{\"@type\":\"PropertyValueSpecification\",\"valueRequired\":true,\"valueName\":\"search_term_string\"}}],\"inLanguage\":\"en-US\"},{\"@type\":\"Organization\",\"@id\":\"https:\\\/\\\/www.getemed.de\\\/de\\\/#organization\",\"name\":\"GETEMEDNMedizin- und Informationstechnik AG\",\"url\":\"https:\\\/\\\/www.getemed.de\\\/de\\\/\",\"logo\":{\"@type\":\"ImageObject\",\"inLanguage\":\"en-US\",\"@id\":\"https:\\\/\\\/www.getemed.de\\\/de\\\/#\\\/schema\\\/logo\\\/image\\\/\",\"url\":\"https:\\\/\\\/www.getemed.de\\\/wp-content\\\/uploads\\\/Logo_GETEMED.png\",\"contentUrl\":\"https:\\\/\\\/www.getemed.de\\\/wp-content\\\/uploads\\\/Logo_GETEMED.png\",\"width\":1471,\"height\":305,\"caption\":\"GETEMEDNMedizin- und Informationstechnik AG\"},\"image\":{\"@id\":\"https:\\\/\\\/www.getemed.de\\\/de\\\/#\\\/schema\\\/logo\\\/image\\\/\"}}]}<\/script>\n<!-- \/ Yoast SEO plugin. -->","yoast_head_json":{"title":"About Us - Medizin- und Informationstechnik AG","robots":{"index":"index","follow":"follow","max-snippet":"max-snippet:-1","max-image-preview":"max-image-preview:large","max-video-preview":"max-video-preview:-1"},"canonical":"https:\/\/www.getemed.de\/en\/about-us\/","og_locale":"en_US","og_type":"article","og_title":"About Us - Medizin- und Informationstechnik AG","og_description":"\u00dcber uns Unsere Vision Mit Erfahrung, Leidenschaft und Kreativit\u00e4t schaffen wir moderne Medizinprodukte f\u00fcr eine Gesundheitsversorgung, die Lebensqualit\u00e4t verbessert und jeden Tag Leben rettet. Innovative Medizintechnik aus Teltow GETEMED steht [&hellip;]","og_url":"https:\/\/www.getemed.de\/en\/about-us\/","og_site_name":"Medizin- und Informationstechnik AG","article_modified_time":"2025-10-16T12:07:44+00:00","twitter_card":"summary_large_image","twitter_misc":{"Est. reading time":"3 minutes"},"schema":{"@context":"https:\/\/schema.org","@graph":[{"@type":"WebPage","@id":"https:\/\/www.getemed.de\/de\/about-us\/","url":"https:\/\/www.getemed.de\/de\/about-us\/","name":"About Us - Medizin- und Informationstechnik AG","isPartOf":{"@id":"https:\/\/www.getemed.de\/de\/#website"},"datePublished":"2022-09-01T09:32:56+00:00","dateModified":"2025-10-16T12:07:44+00:00","inLanguage":"en-US","potentialAction":[{"@type":"ReadAction","target":["https:\/\/www.getemed.de\/de\/about-us\/"]}]},{"@type":"WebSite","@id":"https:\/\/www.getemed.de\/de\/#website","url":"https:\/\/www.getemed.de\/de\/","name":"GETEMED Medizin- und Informationstechnik AG","description":"","publisher":{"@id":"https:\/\/www.getemed.de\/de\/#organization"},"potentialAction":[{"@type":"SearchAction","target":{"@type":"EntryPoint","urlTemplate":"https:\/\/www.getemed.de\/de\/?s={search_term_string}"},"query-input":{"@type":"PropertyValueSpecification","valueRequired":true,"valueName":"search_term_string"}}],"inLanguage":"en-US"},{"@type":"Organization","@id":"https:\/\/www.getemed.de\/de\/#organization","name":"GETEMEDNMedizin- und Informationstechnik AG","url":"https:\/\/www.getemed.de\/de\/","logo":{"@type":"ImageObject","inLanguage":"en-US","@id":"https:\/\/www.getemed.de\/de\/#\/schema\/logo\/image\/","url":"https:\/\/www.getemed.de\/wp-content\/uploads\/Logo_GETEMED.png","contentUrl":"https:\/\/www.getemed.de\/wp-content\/uploads\/Logo_GETEMED.png","width":1471,"height":305,"caption":"GETEMEDNMedizin- und Informationstechnik AG"},"image":{"@id":"https:\/\/www.getemed.de\/de\/#\/schema\/logo\/image\/"}}]}},"_links":{"self":[{"href":"https:\/\/www.getemed.de\/en\/wp-json\/wp\/v2\/pages\/2423","targetHints":{"allow":["GET"]}}],"collection":[{"href":"https:\/\/www.getemed.de\/en\/wp-json\/wp\/v2\/pages"}],"about":[{"href":"https:\/\/www.getemed.de\/en\/wp-json\/wp\/v2\/types\/page"}],"author":[{"embeddable":true,"href":"https:\/\/www.getemed.de\/en\/wp-json\/wp\/v2\/users\/219149281"}],"replies":[{"embeddable":true,"href":"https:\/\/www.getemed.de\/en\/wp-json\/wp\/v2\/comments?post=2423"}],"version-history":[{"count":6,"href":"https:\/\/www.getemed.de\/en\/wp-json\/wp\/v2\/pages\/2423\/revisions"}],"predecessor-version":[{"id":9164,"href":"https:\/\/www.getemed.de\/en\/wp-json\/wp\/v2\/pages\/2423\/revisions\/9164"}],"wp:attachment":[{"href":"https:\/\/www.getemed.de\/en\/wp-json\/wp\/v2\/media?parent=2423"}],"curies":[{"name":"wp","href":"https:\/\/api.w.org\/{rel}","templated":true}]}}