{"id":1324,"date":"2022-08-16T13:51:28","date_gmt":"2022-08-16T11:51:28","guid":{"rendered":"https:\/\/www.getemed.de\/?page_id=1324"},"modified":"2026-04-02T11:12:29","modified_gmt":"2026-04-02T09:12:29","slug":"management","status":"publish","type":"page","link":"https:\/\/www.getemed.de\/en\/management\/","title":{"rendered":"Management"},"content":{"rendered":"<div data-elementor-type=\"wp-page\" data-elementor-id=\"1324\" class=\"elementor elementor-1324\" data-elementor-post-type=\"page\">\n\t\t\t\t\t\t<section class=\"elementor-section elementor-top-section elementor-element elementor-element-843e0fd elementor-section-height-min-height elementor-reverse-mobile elementor-reverse-tablet elementor-section-boxed elementor-section-height-default elementor-section-items-middle elementor-invisible\" data-id=\"843e0fd\" data-element_type=\"section\" data-e-type=\"section\" data-settings=\"{&quot;background_background&quot;:&quot;classic&quot;,&quot;animation&quot;:&quot;fadeIn&quot;}\">\n\t\t\t\t\t\t\t<div class=\"elementor-background-overlay\"><\/div>\n\t\t\t\t\t\t\t<div class=\"elementor-container elementor-column-gap-default\">\n\t\t\t\t\t<div class=\"elementor-column elementor-col-100 elementor-top-column elementor-element elementor-element-0a5d743\" data-id=\"0a5d743\" data-element_type=\"column\" data-e-type=\"column\">\n\t\t\t<div class=\"elementor-widget-wrap elementor-element-populated\">\n\t\t\t\t\t\t<div class=\"elementor-element elementor-element-99a0bdc elementor-widget__width-inherit elementor-widget elementor-widget-heading\" data-id=\"99a0bdc\" data-element_type=\"widget\" data-e-type=\"widget\" data-widget_type=\"heading.default\">\n\t\t\t\t<div class=\"elementor-widget-container\">\n\t\t\t\t\t<h1 class=\"elementor-heading-title elementor-size-default\">Board of Directors<\/h1>\t\t\t\t<\/div>\n\t\t\t\t<\/div>\n\t\t\t\t\t<\/div>\n\t\t<\/div>\n\t\t\t\t\t<\/div>\n\t\t<\/section>\n\t\t\t\t<section class=\"elementor-section elementor-top-section elementor-element elementor-element-668d4ef elementor-section-boxed elementor-section-height-default elementor-section-height-default\" data-id=\"668d4ef\" data-element_type=\"section\" data-e-type=\"section\">\n\t\t\t\t\t\t<div class=\"elementor-container elementor-column-gap-default\">\n\t\t\t\t\t<div class=\"elementor-column elementor-col-100 elementor-top-column elementor-element elementor-element-edf7957\" data-id=\"edf7957\" data-element_type=\"column\" data-e-type=\"column\">\n\t\t\t<div class=\"elementor-widget-wrap elementor-element-populated\">\n\t\t\t\t\t\t<div class=\"elementor-element elementor-element-514afa8 elementor-widget elementor-widget-text-editor\" data-id=\"514afa8\" data-element_type=\"widget\" data-e-type=\"widget\" data-widget_type=\"text-editor.default\">\n\t\t\t\t<div class=\"elementor-widget-container\">\n\t\t\t\t\t\t\t\t\t<p>What began with home monitoring of newborns has now grown into a comprehensive portfolio for outpatient vital sign monitoring, cardiac function diagnostics, and telemonitoring\u2014supported by around 70 dedicated colleagues and a strong network of international sales partners.<\/p><p>Our mission is clear: we combine clinical evidence, everyday design, and digital networking to create solutions that relieve the burden on caregivers and protect patients\u2014across all age groups. On this website, we present the latest generation of our VitaGuard vital signs monitors as well as other GETEMED business areas.<\/p><p class=\"translation-block\">Our vision guides us every day:\nWith experience, passion, and creativity, we create modern medical devices for healthcare that improve quality of life and save lives every day.<\/p>\t\t\t\t\t\t\t\t<\/div>\n\t\t\t\t<\/div>\n\t\t\t\t<section class=\"elementor-section elementor-inner-section elementor-element elementor-element-deca66d elementor-section-boxed elementor-section-height-default elementor-section-height-default\" data-id=\"deca66d\" data-element_type=\"section\" data-e-type=\"section\">\n\t\t\t\t\t\t<div class=\"elementor-container elementor-column-gap-default\">\n\t\t\t\t\t<div class=\"elementor-column elementor-col-50 elementor-inner-column elementor-element elementor-element-df52ea4\" data-id=\"df52ea4\" data-element_type=\"column\" data-e-type=\"column\">\n\t\t\t<div class=\"elementor-widget-wrap elementor-element-populated\">\n\t\t\t\t\t\t<div class=\"elementor-element elementor-element-0ef6e37 elementor-widget elementor-widget-text-editor\" data-id=\"0ef6e37\" data-element_type=\"widget\" data-e-type=\"widget\" data-widget_type=\"text-editor.default\">\n\t\t\t\t<div class=\"elementor-widget-container\">\n\t\t\t\t\t\t\t\t\t<p class=\"MsoNoSpacing\"><span style=\"font-weight: bold;\"><span lang=\"DE\">Michael Scherf (Board Chairman)\u00a0<\/span><\/span><\/p><p class=\"MsoNoSpacing\"><span lang=\"DE\">Michael Scherf, born in 1965 in Berlin, began his career with GETEMED in 1992 as product manager after completing his electrical engineering studies at the Technical University in Dresden.<\/span><\/p><p class=\"MsoNoSpacing\"><span lang=\"DE\">In 1998 he obtained a diploma in business management from the Free University of Berlin.<\/span><\/p><p class=\"MsoNoSpacing\"><span lang=\"DE\">In 2000 he became a member of the board of directors and took over the chairmanship of the board in May 2010.<\/span><\/p>\t\t\t\t\t\t\t\t<\/div>\n\t\t\t\t<\/div>\n\t\t\t\t\t<\/div>\n\t\t<\/div>\n\t\t\t\t<div class=\"elementor-column elementor-col-50 elementor-inner-column elementor-element elementor-element-51a1359\" data-id=\"51a1359\" data-element_type=\"column\" data-e-type=\"column\">\n\t\t\t<div class=\"elementor-widget-wrap elementor-element-populated\">\n\t\t\t\t\t\t<div class=\"elementor-element elementor-element-825eb94 elementor-widget elementor-widget-image\" data-id=\"825eb94\" data-element_type=\"widget\" data-e-type=\"widget\" data-widget_type=\"image.default\">\n\t\t\t\t<div class=\"elementor-widget-container\">\n\t\t\t\t\t\t\t\t\t\t\t\t\t\t\t<img fetchpriority=\"high\" decoding=\"async\" width=\"714\" height=\"1070\" src=\"https:\/\/www.getemed.de\/wp-content\/uploads\/Michael-Scherf.png\" class=\"attachment-1536x1536 size-1536x1536 wp-image-9432\" alt=\"\" srcset=\"https:\/\/www.getemed.de\/wp-content\/uploads\/Michael-Scherf.png 714w, https:\/\/www.getemed.de\/wp-content\/uploads\/Michael-Scherf-200x300.png 200w, https:\/\/www.getemed.de\/wp-content\/uploads\/Michael-Scherf-683x1024.png 683w, https:\/\/www.getemed.de\/wp-content\/uploads\/Michael-Scherf-100x150.png 100w, https:\/\/www.getemed.de\/wp-content\/uploads\/Michael-Scherf-8x12.png 8w\" sizes=\"(max-width: 714px) 100vw, 714px\" \/>\t\t\t\t\t\t\t\t\t\t\t\t\t\t\t<\/div>\n\t\t\t\t<\/div>\n\t\t\t\t\t<\/div>\n\t\t<\/div>\n\t\t\t\t\t<\/div>\n\t\t<\/section>\n\t\t\t\t<section class=\"elementor-section elementor-inner-section elementor-element elementor-element-86ad2b0 elementor-section-boxed elementor-section-height-default elementor-section-height-default\" data-id=\"86ad2b0\" data-element_type=\"section\" data-e-type=\"section\">\n\t\t\t\t\t\t<div class=\"elementor-container elementor-column-gap-default\">\n\t\t\t\t\t<div class=\"elementor-column elementor-col-50 elementor-inner-column elementor-element elementor-element-eec31df\" data-id=\"eec31df\" data-element_type=\"column\" data-e-type=\"column\">\n\t\t\t<div class=\"elementor-widget-wrap elementor-element-populated\">\n\t\t\t\t\t\t<div class=\"elementor-element elementor-element-4fb5cd4 elementor-widget elementor-widget-text-editor\" data-id=\"4fb5cd4\" data-element_type=\"widget\" data-e-type=\"widget\" data-widget_type=\"text-editor.default\">\n\t\t\t\t<div class=\"elementor-widget-container\">\n\t\t\t\t\t\t\t\t\t<p class=\"MsoNoSpacing\"><span style=\"font-weight: bold;\"><span lang=\"DE\">Robert Downes\u00a0<\/span><\/span><\/p><p class=\"MsoNoSpacing\"><span lang=\"DE\">Robert Downes, born in 1963 in Dublin, Ireland, began his career with GETEMED in 1987 as a hardware developer after completing his electrical engineering studies in Dublin.\u00a0<\/span><\/p><p class=\"MsoNoSpacing\"><span lang=\"DE\">In 1996 he took over the responsibility for the product development department and was largely responsible for the development and introduction of the quality management system according to ISO 9001.\u00a0<\/span><\/p><p class=\"MsoNoSpacing\"><span style=\"color: var( --e-global-color-text );\">He joined the Board of Directors in April 2010.<\/span><\/p>\t\t\t\t\t\t\t\t<\/div>\n\t\t\t\t<\/div>\n\t\t\t\t\t<\/div>\n\t\t<\/div>\n\t\t\t\t<div class=\"elementor-column elementor-col-50 elementor-inner-column elementor-element elementor-element-16577d7\" data-id=\"16577d7\" data-element_type=\"column\" data-e-type=\"column\">\n\t\t\t<div class=\"elementor-widget-wrap elementor-element-populated\">\n\t\t\t\t\t\t<div class=\"elementor-element elementor-element-8dea7bb elementor-widget elementor-widget-image\" data-id=\"8dea7bb\" data-element_type=\"widget\" data-e-type=\"widget\" data-widget_type=\"image.default\">\n\t\t\t\t<div class=\"elementor-widget-container\">\n\t\t\t\t\t\t\t\t\t\t\t\t\t\t\t<img decoding=\"async\" src=\"https:\/\/www.getemed.de\/wp-content\/uploads\/Robert-Downes.png\" title=\"Robert-Downes\" alt=\"Robert-Downes\" loading=\"lazy\" \/>\t\t\t\t\t\t\t\t\t\t\t\t\t\t\t<\/div>\n\t\t\t\t<\/div>\n\t\t\t\t\t<\/div>\n\t\t<\/div>\n\t\t\t\t\t<\/div>\n\t\t<\/section>\n\t\t\t\t<section class=\"elementor-section elementor-inner-section elementor-element elementor-element-349aa74 elementor-section-boxed elementor-section-height-default elementor-section-height-default\" data-id=\"349aa74\" data-element_type=\"section\" data-e-type=\"section\">\n\t\t\t\t\t\t<div class=\"elementor-container elementor-column-gap-default\">\n\t\t\t\t\t<div class=\"elementor-column elementor-col-50 elementor-inner-column elementor-element elementor-element-557d5c0\" data-id=\"557d5c0\" data-element_type=\"column\" data-e-type=\"column\">\n\t\t\t<div class=\"elementor-widget-wrap elementor-element-populated\">\n\t\t\t\t\t\t<div class=\"elementor-element elementor-element-8b699e5 elementor-widget elementor-widget-text-editor\" data-id=\"8b699e5\" data-element_type=\"widget\" data-e-type=\"widget\" data-widget_type=\"text-editor.default\">\n\t\t\t\t<div class=\"elementor-widget-container\">\n\t\t\t\t\t\t\t\t\t<p class=\"MsoNoSpacing\"><span style=\"font-weight: bold;\"><span lang=\"DE\">Xaver Klingauf<\/span><\/span><\/p><p>Xaver Klingauf, born in Berlin in 1992, has been with GETEMED since 2013. While pursuing his career, he earned a Bachelor of Engineering in Electrical Engineering in 2019 and a Master of Engineering in Computer Engineering with a focus on embedded systems in 2022. Since 2021, as a Product Owner, he has been shaping the development of several products in the fields of software and artificial intelligence.<\/p><p>Since April 2026, he has been CTO and a member of the Executive Board of GETEMED Medizin- und Informationstechnik AG.<\/p>\t\t\t\t\t\t\t\t<\/div>\n\t\t\t\t<\/div>\n\t\t\t\t\t<\/div>\n\t\t<\/div>\n\t\t\t\t<div class=\"elementor-column elementor-col-50 elementor-inner-column elementor-element elementor-element-372837a\" data-id=\"372837a\" data-element_type=\"column\" data-e-type=\"column\">\n\t\t\t<div class=\"elementor-widget-wrap elementor-element-populated\">\n\t\t\t\t\t\t<div class=\"elementor-element elementor-element-1f78fa8 elementor-widget elementor-widget-image\" data-id=\"1f78fa8\" data-element_type=\"widget\" data-e-type=\"widget\" data-widget_type=\"image.default\">\n\t\t\t\t<div class=\"elementor-widget-container\">\n\t\t\t\t\t\t\t\t\t\t\t\t\t\t\t<img decoding=\"async\" src=\"https:\/\/www.getemed.de\/wp-content\/uploads\/Xaver-Klingauf-1.png\" title=\"Xaver Klingauf 1\" alt=\"Xaver Klingauf 1\" loading=\"lazy\" \/>\t\t\t\t\t\t\t\t\t\t\t\t\t\t\t<\/div>\n\t\t\t\t<\/div>\n\t\t\t\t\t<\/div>\n\t\t<\/div>\n\t\t\t\t\t<\/div>\n\t\t<\/section>\n\t\t\t\t\t<\/div>\n\t\t<\/div>\n\t\t\t\t\t<\/div>\n\t\t<\/section>\n\t\t\t\t<\/div>","protected":false},"excerpt":{"rendered":"<p>Vorstand Was mit der h\u00e4uslichen \u00dcberwachung von Neugeborenen begann, ist heute ein konsequent ausgebautes Portfolio f\u00fcr ambulantes Vitalfunktions-Monitoring, kardiologische Funktionsdiagnostik, und Telemonitoring \u2013 getragen von rund 70 engagierten Kolleginnen und [&hellip;]<\/p>\n","protected":false},"author":219149281,"featured_media":0,"parent":0,"menu_order":0,"comment_status":"closed","ping_status":"closed","template":"","meta":{"footnotes":""},"class_list":["post-1324","page","type-page","status-publish","hentry"],"yoast_head":"<!-- This site is optimized with the Yoast SEO plugin v27.3 - https:\/\/yoast.com\/product\/yoast-seo-wordpress\/ -->\n<title>Management - Medizin- und Informationstechnik AG<\/title>\n<meta name=\"robots\" content=\"index, follow, max-snippet:-1, max-image-preview:large, max-video-preview:-1\" \/>\n<link rel=\"canonical\" href=\"https:\/\/www.getemed.de\/en\/management\/\" \/>\n<meta property=\"og:locale\" content=\"en_US\" \/>\n<meta property=\"og:type\" content=\"article\" \/>\n<meta property=\"og:title\" content=\"Management - Medizin- und Informationstechnik AG\" \/>\n<meta property=\"og:description\" content=\"Vorstand Was mit der h\u00e4uslichen \u00dcberwachung von Neugeborenen begann, ist heute ein konsequent ausgebautes Portfolio f\u00fcr ambulantes Vitalfunktions-Monitoring, kardiologische Funktionsdiagnostik, und Telemonitoring \u2013 getragen von rund 70 engagierten Kolleginnen und [&hellip;]\" \/>\n<meta property=\"og:url\" content=\"https:\/\/www.getemed.de\/en\/management\/\" \/>\n<meta property=\"og:site_name\" content=\"Medizin- und Informationstechnik AG\" \/>\n<meta property=\"article:modified_time\" content=\"2026-04-02T09:12:29+00:00\" \/>\n<meta property=\"og:image\" content=\"https:\/\/www.getemed.de\/wp-content\/uploads\/Michael-Scherf.png\" \/>\n\t<meta property=\"og:image:width\" content=\"714\" \/>\n\t<meta property=\"og:image:height\" content=\"1070\" \/>\n\t<meta property=\"og:image:type\" content=\"image\/png\" \/>\n<meta name=\"twitter:card\" content=\"summary_large_image\" \/>\n<meta name=\"twitter:label1\" content=\"Est. reading time\" \/>\n\t<meta name=\"twitter:data1\" content=\"3 minutes\" \/>\n<script type=\"application\/ld+json\" class=\"yoast-schema-graph\">{\"@context\":\"https:\\\/\\\/schema.org\",\"@graph\":[{\"@type\":\"WebPage\",\"@id\":\"https:\\\/\\\/www.getemed.de\\\/de\\\/management\\\/\",\"url\":\"https:\\\/\\\/www.getemed.de\\\/de\\\/management\\\/\",\"name\":\"Management - Medizin- und Informationstechnik AG\",\"isPartOf\":{\"@id\":\"https:\\\/\\\/www.getemed.de\\\/de\\\/#website\"},\"primaryImageOfPage\":{\"@id\":\"https:\\\/\\\/www.getemed.de\\\/de\\\/management\\\/#primaryimage\"},\"image\":{\"@id\":\"https:\\\/\\\/www.getemed.de\\\/de\\\/management\\\/#primaryimage\"},\"thumbnailUrl\":\"https:\\\/\\\/www.getemed.de\\\/wp-content\\\/uploads\\\/Michael-Scherf.png\",\"datePublished\":\"2022-08-16T11:51:28+00:00\",\"dateModified\":\"2026-04-02T09:12:29+00:00\",\"inLanguage\":\"en-US\",\"potentialAction\":[{\"@type\":\"ReadAction\",\"target\":[\"https:\\\/\\\/www.getemed.de\\\/de\\\/management\\\/\"]}]},{\"@type\":\"ImageObject\",\"inLanguage\":\"en-US\",\"@id\":\"https:\\\/\\\/www.getemed.de\\\/de\\\/management\\\/#primaryimage\",\"url\":\"https:\\\/\\\/www.getemed.de\\\/wp-content\\\/uploads\\\/Michael-Scherf.png\",\"contentUrl\":\"https:\\\/\\\/www.getemed.de\\\/wp-content\\\/uploads\\\/Michael-Scherf.png\"},{\"@type\":\"WebSite\",\"@id\":\"https:\\\/\\\/www.getemed.de\\\/de\\\/#website\",\"url\":\"https:\\\/\\\/www.getemed.de\\\/de\\\/\",\"name\":\"GETEMED Medizin- und Informationstechnik AG\",\"description\":\"\",\"publisher\":{\"@id\":\"https:\\\/\\\/www.getemed.de\\\/de\\\/#organization\"},\"potentialAction\":[{\"@type\":\"SearchAction\",\"target\":{\"@type\":\"EntryPoint\",\"urlTemplate\":\"https:\\\/\\\/www.getemed.de\\\/de\\\/?s={search_term_string}\"},\"query-input\":{\"@type\":\"PropertyValueSpecification\",\"valueRequired\":true,\"valueName\":\"search_term_string\"}}],\"inLanguage\":\"en-US\"},{\"@type\":\"Organization\",\"@id\":\"https:\\\/\\\/www.getemed.de\\\/de\\\/#organization\",\"name\":\"GETEMEDNMedizin- und Informationstechnik AG\",\"url\":\"https:\\\/\\\/www.getemed.de\\\/de\\\/\",\"logo\":{\"@type\":\"ImageObject\",\"inLanguage\":\"en-US\",\"@id\":\"https:\\\/\\\/www.getemed.de\\\/de\\\/#\\\/schema\\\/logo\\\/image\\\/\",\"url\":\"https:\\\/\\\/www.getemed.de\\\/wp-content\\\/uploads\\\/Logo_GETEMED.png\",\"contentUrl\":\"https:\\\/\\\/www.getemed.de\\\/wp-content\\\/uploads\\\/Logo_GETEMED.png\",\"width\":1471,\"height\":305,\"caption\":\"GETEMEDNMedizin- und Informationstechnik AG\"},\"image\":{\"@id\":\"https:\\\/\\\/www.getemed.de\\\/de\\\/#\\\/schema\\\/logo\\\/image\\\/\"}}]}<\/script>\n<!-- \/ Yoast SEO plugin. -->","yoast_head_json":{"title":"Management - Medizin- und Informationstechnik AG","robots":{"index":"index","follow":"follow","max-snippet":"max-snippet:-1","max-image-preview":"max-image-preview:large","max-video-preview":"max-video-preview:-1"},"canonical":"https:\/\/www.getemed.de\/en\/management\/","og_locale":"en_US","og_type":"article","og_title":"Management - Medizin- und Informationstechnik AG","og_description":"Vorstand Was mit der h\u00e4uslichen \u00dcberwachung von Neugeborenen begann, ist heute ein konsequent ausgebautes Portfolio f\u00fcr ambulantes Vitalfunktions-Monitoring, kardiologische Funktionsdiagnostik, und Telemonitoring \u2013 getragen von rund 70 engagierten Kolleginnen und [&hellip;]","og_url":"https:\/\/www.getemed.de\/en\/management\/","og_site_name":"Medizin- und Informationstechnik AG","article_modified_time":"2026-04-02T09:12:29+00:00","og_image":[{"width":714,"height":1070,"url":"https:\/\/www.getemed.de\/wp-content\/uploads\/Michael-Scherf.png","type":"image\/png"}],"twitter_card":"summary_large_image","twitter_misc":{"Est. reading time":"3 minutes"},"schema":{"@context":"https:\/\/schema.org","@graph":[{"@type":"WebPage","@id":"https:\/\/www.getemed.de\/de\/management\/","url":"https:\/\/www.getemed.de\/de\/management\/","name":"Management - Medizin- und Informationstechnik AG","isPartOf":{"@id":"https:\/\/www.getemed.de\/de\/#website"},"primaryImageOfPage":{"@id":"https:\/\/www.getemed.de\/de\/management\/#primaryimage"},"image":{"@id":"https:\/\/www.getemed.de\/de\/management\/#primaryimage"},"thumbnailUrl":"https:\/\/www.getemed.de\/wp-content\/uploads\/Michael-Scherf.png","datePublished":"2022-08-16T11:51:28+00:00","dateModified":"2026-04-02T09:12:29+00:00","inLanguage":"en-US","potentialAction":[{"@type":"ReadAction","target":["https:\/\/www.getemed.de\/de\/management\/"]}]},{"@type":"ImageObject","inLanguage":"en-US","@id":"https:\/\/www.getemed.de\/de\/management\/#primaryimage","url":"https:\/\/www.getemed.de\/wp-content\/uploads\/Michael-Scherf.png","contentUrl":"https:\/\/www.getemed.de\/wp-content\/uploads\/Michael-Scherf.png"},{"@type":"WebSite","@id":"https:\/\/www.getemed.de\/de\/#website","url":"https:\/\/www.getemed.de\/de\/","name":"GETEMED Medizin- und Informationstechnik AG","description":"","publisher":{"@id":"https:\/\/www.getemed.de\/de\/#organization"},"potentialAction":[{"@type":"SearchAction","target":{"@type":"EntryPoint","urlTemplate":"https:\/\/www.getemed.de\/de\/?s={search_term_string}"},"query-input":{"@type":"PropertyValueSpecification","valueRequired":true,"valueName":"search_term_string"}}],"inLanguage":"en-US"},{"@type":"Organization","@id":"https:\/\/www.getemed.de\/de\/#organization","name":"GETEMEDNMedizin- und Informationstechnik AG","url":"https:\/\/www.getemed.de\/de\/","logo":{"@type":"ImageObject","inLanguage":"en-US","@id":"https:\/\/www.getemed.de\/de\/#\/schema\/logo\/image\/","url":"https:\/\/www.getemed.de\/wp-content\/uploads\/Logo_GETEMED.png","contentUrl":"https:\/\/www.getemed.de\/wp-content\/uploads\/Logo_GETEMED.png","width":1471,"height":305,"caption":"GETEMEDNMedizin- und Informationstechnik AG"},"image":{"@id":"https:\/\/www.getemed.de\/de\/#\/schema\/logo\/image\/"}}]}},"_links":{"self":[{"href":"https:\/\/www.getemed.de\/en\/wp-json\/wp\/v2\/pages\/1324","targetHints":{"allow":["GET"]}}],"collection":[{"href":"https:\/\/www.getemed.de\/en\/wp-json\/wp\/v2\/pages"}],"about":[{"href":"https:\/\/www.getemed.de\/en\/wp-json\/wp\/v2\/types\/page"}],"author":[{"embeddable":true,"href":"https:\/\/www.getemed.de\/en\/wp-json\/wp\/v2\/users\/219149281"}],"replies":[{"embeddable":true,"href":"https:\/\/www.getemed.de\/en\/wp-json\/wp\/v2\/comments?post=1324"}],"version-history":[{"count":15,"href":"https:\/\/www.getemed.de\/en\/wp-json\/wp\/v2\/pages\/1324\/revisions"}],"predecessor-version":[{"id":9576,"href":"https:\/\/www.getemed.de\/en\/wp-json\/wp\/v2\/pages\/1324\/revisions\/9576"}],"wp:attachment":[{"href":"https:\/\/www.getemed.de\/en\/wp-json\/wp\/v2\/media?parent=1324"}],"curies":[{"name":"wp","href":"https:\/\/api.w.org\/{rel}","templated":true}]}}