{"id":465,"date":"2022-07-19T15:48:41","date_gmt":"2022-07-19T13:48:41","guid":{"rendered":"https:\/\/www.getemed.de\/?page_id=465"},"modified":"2026-04-14T14:16:20","modified_gmt":"2026-04-14T12:16:20","slug":"imprint","status":"publish","type":"page","link":"https:\/\/www.getemed.de\/de\/imprint\/","title":{"rendered":"Legal Notice"},"content":{"rendered":"\t\t<div data-elementor-type=\"wp-page\" data-elementor-id=\"465\" class=\"elementor elementor-465\" data-elementor-post-type=\"page\">\n\t\t\t\t\t\t<section class=\"elementor-section elementor-top-section elementor-element elementor-element-4880ec46 elementor-section-height-min-height elementor-reverse-mobile elementor-reverse-tablet elementor-section-boxed elementor-section-height-default elementor-section-items-middle elementor-invisible\" data-id=\"4880ec46\" data-element_type=\"section\" data-e-type=\"section\" data-settings=\"{&quot;animation&quot;:&quot;fadeIn&quot;,&quot;background_background&quot;:&quot;classic&quot;}\">\n\t\t\t\t\t\t<div class=\"elementor-container elementor-column-gap-default\">\n\t\t\t\t\t<div class=\"elementor-column elementor-col-100 elementor-top-column elementor-element elementor-element-51488ab2\" data-id=\"51488ab2\" data-element_type=\"column\" data-e-type=\"column\">\n\t\t\t<div class=\"elementor-widget-wrap elementor-element-populated\">\n\t\t\t\t\t\t<div class=\"elementor-element elementor-element-e419cf5 elementor-widget elementor-widget-heading\" data-id=\"e419cf5\" data-element_type=\"widget\" data-e-type=\"widget\" data-widget_type=\"heading.default\">\n\t\t\t\t<div class=\"elementor-widget-container\">\n\t\t\t\t\t<h2 class=\"elementor-heading-title elementor-size-default\">Impressum<\/h2>\t\t\t\t<\/div>\n\t\t\t\t<\/div>\n\t\t\t\t<div class=\"elementor-element elementor-element-522fd090 elementor-widget elementor-widget-text-editor\" data-id=\"522fd090\" data-element_type=\"widget\" data-e-type=\"widget\" data-widget_type=\"text-editor.default\">\n\t\t\t\t<div class=\"elementor-widget-container\">\n\t\t\t\t\t\t\t\t\t<h6><b>GETEMED Medizin- und Informationstechnik AG<\/b><\/h6>\t\t\t\t\t\t\t\t<\/div>\n\t\t\t\t<\/div>\n\t\t\t\t<div class=\"elementor-element elementor-element-6cb8138b elementor-widget elementor-widget-text-editor\" data-id=\"6cb8138b\" data-element_type=\"widget\" data-e-type=\"widget\" data-widget_type=\"text-editor.default\">\n\t\t\t\t<div class=\"elementor-widget-container\">\n\t\t\t\t\t\t\t\t\t<p><span style=\"color: var( --e-global-color-text ); letter-spacing: 0px;\"><strong>Adresse:<\/strong> Oderstra\u00dfe 77 \u00a0| \u00a0<\/span><span style=\"color: var( --e-global-color-text ); letter-spacing: 0px;\">14513 Teltow \u00a0| \u00a0<\/span><span style=\"color: var( --e-global-color-text ); letter-spacing: 0px;\">Deutschland<br \/><\/span><strong>Tel.:<\/strong> +49 3328 3942-0<br \/><strong>Fax:<\/strong> +49 3328 3942-99<br \/><strong>E-Mail:<\/strong>\u00a0<a id=\"link2\" style=\"letter-spacing: 0px;\" href=\"mailto:info@getemed.de\" target=\"_blank\" rel=\"noopener\">info@getemed.de<\/a><br \/><strong>Internet:\u00a0<\/strong><a id=\"link2\" href=\"https:\/\/www.getemed.de\">www.getemed.de<\/a><\/p>\t\t\t\t\t\t\t\t<\/div>\n\t\t\t\t<\/div>\n\t\t\t\t\t<\/div>\n\t\t<\/div>\n\t\t\t\t\t<\/div>\n\t\t<\/section>\n\t\t\t\t<section class=\"elementor-section elementor-top-section elementor-element elementor-element-6f938632 elementor-section-boxed elementor-section-height-default elementor-section-height-default elementor-invisible\" data-id=\"6f938632\" data-element_type=\"section\" data-e-type=\"section\" data-settings=\"{&quot;animation&quot;:&quot;fadeIn&quot;}\">\n\t\t\t\t\t\t<div class=\"elementor-container elementor-column-gap-default\">\n\t\t\t\t\t<div class=\"elementor-column elementor-col-100 elementor-top-column elementor-element elementor-element-29aa0454\" data-id=\"29aa0454\" data-element_type=\"column\" data-e-type=\"column\">\n\t\t\t<div class=\"elementor-widget-wrap elementor-element-populated\">\n\t\t\t\t\t\t<div class=\"elementor-element elementor-element-1165006f elementor-widget elementor-widget-text-editor\" data-id=\"1165006f\" data-element_type=\"widget\" data-e-type=\"widget\" data-widget_type=\"text-editor.default\">\n\t\t\t\t<div class=\"elementor-widget-container\">\n\t\t\t\t\t\t\t\t\t<p><strong>Vorstand<\/strong><\/p><p>Michael Scherf (CEO)<br \/>Robert Downes <span data-teams=\"true\">(COO\/CFO)<\/span><br \/><span data-teams=\"true\">Xaver Klingauf (CTO)<\/span><\/p><p><b>Aufsichtsratsvorsitzender\u00a0<\/b><\/p><p>Clemens Kabel<\/p><p><b>Handelsregister\u00a0<\/b><\/p><p>Amtsgericht Potsdam HRB 16662 P<\/p><p><b>Umsatzsteueridentifikationsnummer<\/b>\u00a0<\/p><p>DE 813066109<\/p><p><b>WEEE Registrationsnummer\u00a0<\/b><\/p><p><span style=\"color: var( --e-global-color-text );\">DE 23656726<\/span><\/p><p><span style=\"color: var( --e-global-color-text ); font-family: var( --e-global-typography-text-font-family ), Sans-serif; font-size: 1rem; font-weight: var( --e-global-typography-text-font-weight );\"><strong>Hinweis zu \u00a7 36 VSBG<\/strong> <\/span><\/p><p><span style=\"color: var( --e-global-color-text ); font-family: var( --e-global-typography-text-font-family ), Sans-serif; font-size: 1rem; font-weight: var( --e-global-typography-text-font-weight );\">Wir nehmen an einem Streitbeilegungsverfahren vor einer Verbraucherschlichtungsstelle nicht teil und sind dazu auch nicht verpflichtet.<\/span><\/p><p><span style=\"font-weight: bold; color: var( --e-global-color-text );\">Bildnachweise<\/span><\/p><p>\u00a9 fizkes (Foto von fizkes \/ iStockPhoto)<\/p><p>\u00a9 Rasi Bhadramani (Foto von Rasi Bhadramani \/ iStockPhoto)<\/p><p>\u00a9 ipopba (Foto von ipopba \/ depositphotos)<\/p><p>\u00a9 Mario Gogh (Foto von Mario Gogh \/ unsplash)<\/p><p>\u00a9 Romain Dancre (Foto von Romain Dancre \/ unsplash)<\/p><p>\u00a9 climaterealitye (Foto von climatereality \/ unsplash)<\/p><p>\u00a9 Christin Hume (Foto von Christin Hume \/ unsplash)<\/p><p>\u00a9 Florian Wehde (Foto von Florian Wehde \/ unsplash)<\/p><p>\u00a9 rawpixel (Foto von rawpixel.com \/ freepik.com)<\/p><p><span style=\"font-weight: bold; color: var( --e-global-color-text );\">Haftungsausschluss<\/span><\/p><p><span style=\"color: var( --e-global-color-text );\">Haftungshinweis: Diese Website dient lediglich allgemeinen Informationszwecken, unter Ausschluss jeglicher Haftung. Sie d\u00fcrfen diese Informationen nur f\u00fcr Ihren privaten und nicht f\u00fcr kommerziellen Gebrauch herunterladen. Die Informationen d\u00fcrfen ohne schriftliche Einwilligung der GETEMED Medizin- und Informationstechnik AG nicht kopiert oder ge\u00e4ndert werden.<\/span><\/p><p>Die Inhalte dieser Website wurden sorgf\u00e4ltig gepr\u00fcft und nach bestem Wissen erstellt. Aber f\u00fcr die hier dargebotenen Informationen wird kein Anspruch auf Vollst\u00e4ndigkeit, Aktualit\u00e4t, Qualit\u00e4t und Richtigkeit erhoben. Neuerungen oder \u00c4nderungen der beschriebenen Produkte dieser Website k\u00f6nnen jederzeit und ohne Hinweis gemacht werden.<\/p><p>Trotz sorgf\u00e4ltiger inhaltlicher Kontrolle \u00fcbernehmen wir keine Haftung f\u00fcr die Inhalte externer Links. F\u00fcr den Inhalt der verlinkten Seiten sind ausschlie\u00dflich deren Betreiber verantwortlich.\u00a0<\/p><p>Hiermit distanzieren wir uns ausdr\u00fccklich von den Inhalten aller von dieser Homepage aus verlinkten Seiten und machen uns deren Inhalte nicht zu eigen. Zum Zeitpunkt der Erstellung bzw. letzten \u00dcberpr\u00fcfung waren keine problematischen Inhalte auf den verlinkten Seiten erkennbar. Diese Erkl\u00e4rung gilt f\u00fcr alle in dieser Homepage ver\u00f6ffentlichen Links zu GETEMED-fremden Inhalten. Sollten Sie mit dem Inhalt einer der verlinkten Adressen nicht einverstanden sein, dann bitten wir Sie, uns alsbald zu informieren (info@getemed.de), damit wir den entsprechenden Link erneut \u00fcberpr\u00fcfen und gegebenenfalls entfernen k\u00f6nnen.<\/p>\t\t\t\t\t\t\t\t<\/div>\n\t\t\t\t<\/div>\n\t\t\t\t\t<\/div>\n\t\t<\/div>\n\t\t\t\t\t<\/div>\n\t\t<\/section>\n\t\t\t\t<\/div>\n\t\t","protected":false},"excerpt":{"rendered":"<p>Impressum GETEMED Medizin- und Informationstechnik AG Adresse: Oderstra\u00dfe 77 \u00a0| \u00a014513 Teltow \u00a0| \u00a0DeutschlandTel.: +49 3328 3942-0Fax: +49 3328 3942-99E-Mail:\u00a0info@getemed.deInternet:\u00a0www.getemed.de Vorstand Michael Scherf (CEO)Robert Downes (COO\/CFO)Xaver Klingauf (CTO) Aufsichtsratsvorsitzender\u00a0 Clemens [&hellip;]<\/p>\n","protected":false},"author":219149281,"featured_media":0,"parent":0,"menu_order":0,"comment_status":"closed","ping_status":"closed","template":"","meta":{"footnotes":""},"class_list":["post-465","page","type-page","status-publish","hentry"],"yoast_head":"<!-- This site is optimized with the Yoast SEO plugin v27.3 - https:\/\/yoast.com\/product\/yoast-seo-wordpress\/ -->\n<title>Legal Notice - Medizin- und Informationstechnik AG<\/title>\n<meta name=\"robots\" content=\"index, follow, max-snippet:-1, max-image-preview:large, max-video-preview:-1\" \/>\n<link rel=\"canonical\" href=\"https:\/\/www.getemed.de\/de\/imprint\/\" \/>\n<meta property=\"og:locale\" content=\"de_DE\" \/>\n<meta property=\"og:type\" content=\"article\" \/>\n<meta property=\"og:title\" content=\"Legal Notice - Medizin- und Informationstechnik AG\" \/>\n<meta property=\"og:description\" content=\"Impressum GETEMED Medizin- und Informationstechnik AG Adresse: Oderstra\u00dfe 77 \u00a0| \u00a014513 Teltow \u00a0| \u00a0DeutschlandTel.: +49 3328 3942-0Fax: +49 3328 3942-99E-Mail:\u00a0info@getemed.deInternet:\u00a0www.getemed.de Vorstand Michael Scherf (CEO)Robert Downes (COO\/CFO)Xaver Klingauf (CTO) Aufsichtsratsvorsitzender\u00a0 Clemens [&hellip;]\" \/>\n<meta property=\"og:url\" content=\"https:\/\/www.getemed.de\/de\/imprint\/\" \/>\n<meta property=\"og:site_name\" content=\"Medizin- und Informationstechnik AG\" \/>\n<meta property=\"article:modified_time\" content=\"2026-04-14T12:16:20+00:00\" \/>\n<meta name=\"twitter:card\" content=\"summary_large_image\" \/>\n<meta name=\"twitter:label1\" content=\"Gesch\u00e4tzte Lesezeit\" \/>\n\t<meta name=\"twitter:data1\" content=\"2\u00a0Minuten\" \/>\n<script type=\"application\/ld+json\" class=\"yoast-schema-graph\">{\"@context\":\"https:\\\/\\\/schema.org\",\"@graph\":[{\"@type\":\"WebPage\",\"@id\":\"https:\\\/\\\/www.getemed.de\\\/imprint\\\/\",\"url\":\"https:\\\/\\\/www.getemed.de\\\/imprint\\\/\",\"name\":\"Legal Notice - Medizin- und Informationstechnik AG\",\"isPartOf\":{\"@id\":\"https:\\\/\\\/www.getemed.de\\\/de\\\/#website\"},\"datePublished\":\"2022-07-19T13:48:41+00:00\",\"dateModified\":\"2026-04-14T12:16:20+00:00\",\"inLanguage\":\"de\",\"potentialAction\":[{\"@type\":\"ReadAction\",\"target\":[\"https:\\\/\\\/www.getemed.de\\\/imprint\\\/\"]}]},{\"@type\":\"WebSite\",\"@id\":\"https:\\\/\\\/www.getemed.de\\\/de\\\/#website\",\"url\":\"https:\\\/\\\/www.getemed.de\\\/de\\\/\",\"name\":\"GETEMED Medizin- und Informationstechnik AG\",\"description\":\"\",\"publisher\":{\"@id\":\"https:\\\/\\\/www.getemed.de\\\/de\\\/#organization\"},\"potentialAction\":[{\"@type\":\"SearchAction\",\"target\":{\"@type\":\"EntryPoint\",\"urlTemplate\":\"https:\\\/\\\/www.getemed.de\\\/de\\\/?s={search_term_string}\"},\"query-input\":{\"@type\":\"PropertyValueSpecification\",\"valueRequired\":true,\"valueName\":\"search_term_string\"}}],\"inLanguage\":\"de\"},{\"@type\":\"Organization\",\"@id\":\"https:\\\/\\\/www.getemed.de\\\/de\\\/#organization\",\"name\":\"GETEMEDNMedizin- und Informationstechnik AG\",\"url\":\"https:\\\/\\\/www.getemed.de\\\/de\\\/\",\"logo\":{\"@type\":\"ImageObject\",\"inLanguage\":\"de\",\"@id\":\"https:\\\/\\\/www.getemed.de\\\/de\\\/#\\\/schema\\\/logo\\\/image\\\/\",\"url\":\"https:\\\/\\\/www.getemed.de\\\/wp-content\\\/uploads\\\/Logo_GETEMED.png\",\"contentUrl\":\"https:\\\/\\\/www.getemed.de\\\/wp-content\\\/uploads\\\/Logo_GETEMED.png\",\"width\":1471,\"height\":305,\"caption\":\"GETEMEDNMedizin- und Informationstechnik AG\"},\"image\":{\"@id\":\"https:\\\/\\\/www.getemed.de\\\/de\\\/#\\\/schema\\\/logo\\\/image\\\/\"}}]}<\/script>\n<!-- \/ Yoast SEO plugin. -->","yoast_head_json":{"title":"Legal Notice - Medizin- und Informationstechnik AG","robots":{"index":"index","follow":"follow","max-snippet":"max-snippet:-1","max-image-preview":"max-image-preview:large","max-video-preview":"max-video-preview:-1"},"canonical":"https:\/\/www.getemed.de\/de\/imprint\/","og_locale":"de_DE","og_type":"article","og_title":"Legal Notice - Medizin- und Informationstechnik AG","og_description":"Impressum GETEMED Medizin- und Informationstechnik AG Adresse: Oderstra\u00dfe 77 \u00a0| \u00a014513 Teltow \u00a0| \u00a0DeutschlandTel.: +49 3328 3942-0Fax: +49 3328 3942-99E-Mail:\u00a0info@getemed.deInternet:\u00a0www.getemed.de Vorstand Michael Scherf (CEO)Robert Downes (COO\/CFO)Xaver Klingauf (CTO) Aufsichtsratsvorsitzender\u00a0 Clemens [&hellip;]","og_url":"https:\/\/www.getemed.de\/de\/imprint\/","og_site_name":"Medizin- und Informationstechnik AG","article_modified_time":"2026-04-14T12:16:20+00:00","twitter_card":"summary_large_image","twitter_misc":{"Gesch\u00e4tzte Lesezeit":"2\u00a0Minuten"},"schema":{"@context":"https:\/\/schema.org","@graph":[{"@type":"WebPage","@id":"https:\/\/www.getemed.de\/imprint\/","url":"https:\/\/www.getemed.de\/imprint\/","name":"Legal Notice - Medizin- und Informationstechnik AG","isPartOf":{"@id":"https:\/\/www.getemed.de\/de\/#website"},"datePublished":"2022-07-19T13:48:41+00:00","dateModified":"2026-04-14T12:16:20+00:00","inLanguage":"de","potentialAction":[{"@type":"ReadAction","target":["https:\/\/www.getemed.de\/imprint\/"]}]},{"@type":"WebSite","@id":"https:\/\/www.getemed.de\/de\/#website","url":"https:\/\/www.getemed.de\/de\/","name":"GETEMED Medizin- und Informationstechnik AG","description":"","publisher":{"@id":"https:\/\/www.getemed.de\/de\/#organization"},"potentialAction":[{"@type":"SearchAction","target":{"@type":"EntryPoint","urlTemplate":"https:\/\/www.getemed.de\/de\/?s={search_term_string}"},"query-input":{"@type":"PropertyValueSpecification","valueRequired":true,"valueName":"search_term_string"}}],"inLanguage":"de"},{"@type":"Organization","@id":"https:\/\/www.getemed.de\/de\/#organization","name":"GETEMEDNMedizin- und Informationstechnik AG","url":"https:\/\/www.getemed.de\/de\/","logo":{"@type":"ImageObject","inLanguage":"de","@id":"https:\/\/www.getemed.de\/de\/#\/schema\/logo\/image\/","url":"https:\/\/www.getemed.de\/wp-content\/uploads\/Logo_GETEMED.png","contentUrl":"https:\/\/www.getemed.de\/wp-content\/uploads\/Logo_GETEMED.png","width":1471,"height":305,"caption":"GETEMEDNMedizin- und Informationstechnik AG"},"image":{"@id":"https:\/\/www.getemed.de\/de\/#\/schema\/logo\/image\/"}}]}},"_links":{"self":[{"href":"https:\/\/www.getemed.de\/de\/wp-json\/wp\/v2\/pages\/465","targetHints":{"allow":["GET"]}}],"collection":[{"href":"https:\/\/www.getemed.de\/de\/wp-json\/wp\/v2\/pages"}],"about":[{"href":"https:\/\/www.getemed.de\/de\/wp-json\/wp\/v2\/types\/page"}],"author":[{"embeddable":true,"href":"https:\/\/www.getemed.de\/de\/wp-json\/wp\/v2\/users\/219149281"}],"replies":[{"embeddable":true,"href":"https:\/\/www.getemed.de\/de\/wp-json\/wp\/v2\/comments?post=465"}],"version-history":[{"count":6,"href":"https:\/\/www.getemed.de\/de\/wp-json\/wp\/v2\/pages\/465\/revisions"}],"predecessor-version":[{"id":9615,"href":"https:\/\/www.getemed.de\/de\/wp-json\/wp\/v2\/pages\/465\/revisions\/9615"}],"wp:attachment":[{"href":"https:\/\/www.getemed.de\/de\/wp-json\/wp\/v2\/media?parent=465"}],"curies":[{"name":"wp","href":"https:\/\/api.w.org\/{rel}","templated":true}]}}