{"id":2423,"date":"2022-09-01T11:32:56","date_gmt":"2022-09-01T09:32:56","guid":{"rendered":"https:\/\/www.getemed.de\/?page_id=2423"},"modified":"2025-10-16T14:07:44","modified_gmt":"2025-10-16T12:07:44","slug":"about-us","status":"publish","type":"page","link":"https:\/\/www.getemed.de\/de\/about-us\/","title":{"rendered":"About Us"},"content":{"rendered":"\t\t<div data-elementor-type=\"wp-page\" data-elementor-id=\"2423\" class=\"elementor elementor-2423\" data-elementor-post-type=\"page\">\n\t\t\t\t\t\t<section class=\"elementor-section elementor-top-section elementor-element elementor-element-7449343e elementor-section-height-min-height elementor-reverse-mobile elementor-reverse-tablet elementor-section-boxed elementor-section-height-default elementor-section-items-middle elementor-invisible\" data-id=\"7449343e\" data-element_type=\"section\" data-e-type=\"section\" data-settings=\"{&quot;background_background&quot;:&quot;classic&quot;,&quot;animation&quot;:&quot;fadeIn&quot;}\">\n\t\t\t\t\t\t\t<div class=\"elementor-background-overlay\"><\/div>\n\t\t\t\t\t\t\t<div class=\"elementor-container elementor-column-gap-default\">\n\t\t\t\t\t<div class=\"elementor-column elementor-col-100 elementor-top-column elementor-element elementor-element-4cb62e05\" data-id=\"4cb62e05\" data-element_type=\"column\" data-e-type=\"column\">\n\t\t\t<div class=\"elementor-widget-wrap elementor-element-populated\">\n\t\t\t\t\t\t<div class=\"elementor-element elementor-element-71472a32 elementor-widget__width-inherit elementor-widget elementor-widget-heading\" data-id=\"71472a32\" data-element_type=\"widget\" data-e-type=\"widget\" data-widget_type=\"heading.default\">\n\t\t\t\t<div class=\"elementor-widget-container\">\n\t\t\t\t\t<h1 class=\"elementor-heading-title elementor-size-default\">\u00dcber uns<\/h1>\t\t\t\t<\/div>\n\t\t\t\t<\/div>\n\t\t\t\t\t<\/div>\n\t\t<\/div>\n\t\t\t\t\t<\/div>\n\t\t<\/section>\n\t\t\t\t<section class=\"elementor-section elementor-top-section elementor-element elementor-element-5018bd03 elementor-section-boxed elementor-section-height-default elementor-section-height-default\" data-id=\"5018bd03\" data-element_type=\"section\" data-e-type=\"section\">\n\t\t\t\t\t\t<div class=\"elementor-container elementor-column-gap-default\">\n\t\t\t\t\t<div class=\"elementor-column elementor-col-100 elementor-top-column elementor-element elementor-element-342e416c\" data-id=\"342e416c\" data-element_type=\"column\" data-e-type=\"column\">\n\t\t\t<div class=\"elementor-widget-wrap elementor-element-populated\">\n\t\t\t\t\t\t<div class=\"elementor-element elementor-element-548252b5 elementor-widget elementor-widget-text-editor\" data-id=\"548252b5\" data-element_type=\"widget\" data-e-type=\"widget\" data-widget_type=\"text-editor.default\">\n\t\t\t\t<div class=\"elementor-widget-container\">\n\t\t\t\t\t\t\t\t\t<p><strong>Unsere Vision<\/strong><\/p><p>Mit Erfahrung, Leidenschaft und Kreativit\u00e4t schaffen wir moderne Medizinprodukte f\u00fcr eine Gesundheitsversorgung, die Lebensqualit\u00e4t verbessert und jeden Tag Leben rettet.<\/p>\t\t\t\t\t\t\t\t<\/div>\n\t\t\t\t<\/div>\n\t\t\t\t<div class=\"elementor-element elementor-element-6d30137 elementor-widget elementor-widget-text-editor\" data-id=\"6d30137\" data-element_type=\"widget\" data-e-type=\"widget\" data-widget_type=\"text-editor.default\">\n\t\t\t\t<div class=\"elementor-widget-container\">\n\t\t\t\t\t\t\t\t\t<p class=\"MsoNoSpacing\"><b><span lang=\"DE\">Innovative Medizintechnik aus Teltow<\/span><\/b><\/p><p>GETEMED steht seit \u00fcber 40 Jahren f\u00fcr verl\u00e4ssliche L\u00f6sungen in der Medizintechnik. Wir vereinen Entwicklung, Produktion, Zulassung und weltweiten Vertrieb durch langj\u00e4hrige Partner \u2013 MDR-konform und ISO 13485-zertifiziert. Rund 70 Mitarbeitende arbeiten in Teltow daran, Medizinprodukte sicher und praxisnah bereitzustellen.<\/p><p>Unser Portfolio konzentriert sich auf drei Schwerpunkte: ambulantes Vitalfunktions-Monitoring, kardiologische Funktionsdiagnostik und Telemonitoring. Wir b\u00fcndeln die Kernkompetenzen aller Gesch\u00e4ftsbereiche und entwickeln daraus L\u00f6sungen, die exakt auf die Bed\u00fcrfnisse im Gesundheitswesen zugeschnitten sind. Technologisch gehen wir konsequent voran und erweitern unser Angebot um KI-gest\u00fctzte EKG-Analyse-Services (mit Zulassung nach MDR) und betreiben eine Webplattform zur EKG-Auswertung.<\/p><p>Neue Produktgenerationen entstehen fortlaufend nach dem Stand der Technik und werden so ausgelegt, dass sie sich nahtlos in klinische und ambulante Prozesse integrieren. Dar\u00fcber hinaus kooperieren wir eng mit Kliniken und Hochschulen. In der Forschung \u00fcbernehmen wir Verantwortung und treten als Konsortialf\u00fchrer der \u201eGesundheitsregion der Zukunft Nordbrandenburg \u2013 Fontane\u201c (TIM-HF2, The Lancet) und als Konsortialf\u00fchrer des Projekts FACE zur EKG-Analyse im Cloud-Edge-Continuum auf, um mit unserer Expertise die Zukunft medizinischer Innovationen aktiv zu gestalten und nachhaltige Fortschritte f\u00fcr Patienten und das Gesundheitssystem zu erm\u00f6glichen.<\/p><p>Kurz: Qualit\u00e4t, Verl\u00e4sslichkeit und Optimismus sind die Werte, nach denen wir t\u00e4glich arbeiten.<\/p>\t\t\t\t\t\t\t\t<\/div>\n\t\t\t\t<\/div>\n\t\t\t\t<div class=\"elementor-element elementor-element-423c3fbe elementor-widget elementor-widget-text-editor\" data-id=\"423c3fbe\" data-element_type=\"widget\" data-e-type=\"widget\" data-widget_type=\"text-editor.default\">\n\t\t\t\t<div class=\"elementor-widget-container\">\n\t\t\t\t\t\t\t\t\t<p><b>Telemonitoring &#8211; Mehr Lebensqualit\u00e4t, optimale Betreuung<\/b><\/p><p class=\"MsoNoSpacing\"><span lang=\"DE\" style=\"background-image: initial; background-position: initial; background-size: initial; background-repeat: initial; background-attachment: initial; background-origin: initial; background-clip: initial;\">Ein strategisches Ziel von GETEMED ist durch die Verschmelzung der Kernkompetenzen aus den beiden Gesch\u00e4ftsbereichen kardiologische Funktionsdiagnostik und Vitalfunktions-Monitoring innovative L\u00f6sungen und Verfahren f\u00fcr telemedizinische Anwendungen zu entwickeln. Bereits seit 2003 ist GETEMED als Partner in namhaften Studien- und Forschungsprojekten im Bereich der Telemedizin vertreten.\u00a0<\/span><\/p>\t\t\t\t\t\t\t\t<\/div>\n\t\t\t\t<\/div>\n\t\t\t\t<div class=\"elementor-element elementor-element-19b911e4 elementor-widget elementor-widget-text-editor\" data-id=\"19b911e4\" data-element_type=\"widget\" data-e-type=\"widget\" data-widget_type=\"text-editor.default\">\n\t\t\t\t<div class=\"elementor-widget-container\">\n\t\t\t\t\t\t\t\t\t<p><b style=\"color: var( --e-global-color-text );\"><span lang=\"DE\">Vitalfunktions-Monitoring &#8211; Mehr Sicherheit f\u00fcr Risikopatienten<\/span><\/b><\/p><p><span lang=\"DE\">Zur \u00dcberwachung wichtiger physiologischer Parameter wie Herzfrequenz, Atmung und Sauerstoffs\u00e4ttigung bietet GETEMED kleine, tragbare Monitore der Produktfamilie VitaGuard an. Die Ger\u00e4te werden haupts\u00e4chlich im ambulanten Bereich eingesetzt, bieten aber auch im klinischen Umfeld eine flexible M\u00f6glichkeit Vitalfunktionen zu \u00fcberwachen.\u00a0<\/span><\/p>\t\t\t\t\t\t\t\t<\/div>\n\t\t\t\t<\/div>\n\t\t\t\t<div class=\"elementor-element elementor-element-18509caa elementor-widget elementor-widget-text-editor\" data-id=\"18509caa\" data-element_type=\"widget\" data-e-type=\"widget\" data-widget_type=\"text-editor.default\">\n\t\t\t\t<div class=\"elementor-widget-container\">\n\t\t\t\t\t\t\t\t\t<p class=\"MsoNoSpacing\"><b><span lang=\"DE\">Kardiologische Funktionsdiagnostik &#8211; Effizientes Langzeit-EKG-System<\/span><\/b><\/p><p class=\"MsoNoSpacing\"><span lang=\"DE\">F\u00fcr die Erkennung und Quantifizierung von Herzrhythmusst\u00f6rungen bietet GETEMED das Langzeit-EKG-System CardioDay<sup>\u00ae<\/sup> mit der Rekorderserie CardioMem<sup>\u00ae<\/sup> an. Seit 2002 werden die GETEMED-Produkte der kardiologischen Funktionsdiagnostik sehr erfolgreich durch GE Healthcare in internationalen M\u00e4rkten vertrieben.<\/span><\/p>\t\t\t\t\t\t\t\t<\/div>\n\t\t\t\t<\/div>\n\t\t\t\t<div class=\"elementor-element elementor-element-34223e8a elementor-widget elementor-widget-text-editor\" data-id=\"34223e8a\" data-element_type=\"widget\" data-e-type=\"widget\" data-widget_type=\"text-editor.default\">\n\t\t\t\t<div class=\"elementor-widget-container\">\n\t\t\t\t\t\t\t\t\t<p class=\"MsoNoSpacing\"><b><span lang=\"DE\">Geb\u00fcndelte Kompetenzen<\/span><\/b><\/p><p class=\"MsoNoSpacing\"><span lang=\"DE\">Damit medizinische Ideen besser verstanden und in Produkte umgewandelt werden k\u00f6nnen, arbeitet das Unternehmen mit Fachleuten verschiedener wissenschaftlicher Disziplinen zusammen. Die Region Berlin-Brandenburg bietet sehr gute Bedingungen und eine ideale Infrastruktur f\u00fcr enge Kooperationen mit klinischen und wissenschaftlichen Einrichtungen sowie eine enge Vernetzung zu Fachhochschulen und Universit\u00e4ten.<\/span><\/p>\t\t\t\t\t\t\t\t<\/div>\n\t\t\t\t<\/div>\n\t\t\t\t\t<\/div>\n\t\t<\/div>\n\t\t\t\t\t<\/div>\n\t\t<\/section>\n\t\t\t\t<\/div>\n\t\t","protected":false},"excerpt":{"rendered":"<p>\u00dcber uns Unsere Vision Mit Erfahrung, Leidenschaft und Kreativit\u00e4t schaffen wir moderne Medizinprodukte f\u00fcr eine Gesundheitsversorgung, die Lebensqualit\u00e4t verbessert und jeden Tag Leben rettet. Innovative Medizintechnik aus Teltow GETEMED steht [&hellip;]<\/p>\n","protected":false},"author":219149281,"featured_media":0,"parent":0,"menu_order":0,"comment_status":"closed","ping_status":"closed","template":"","meta":{"footnotes":""},"class_list":["post-2423","page","type-page","status-publish","hentry"],"yoast_head":"<!-- This site is optimized with the Yoast SEO plugin v27.3 - https:\/\/yoast.com\/product\/yoast-seo-wordpress\/ -->\n<title>About Us - Medizin- und Informationstechnik AG<\/title>\n<meta name=\"robots\" content=\"index, follow, max-snippet:-1, max-image-preview:large, max-video-preview:-1\" \/>\n<link rel=\"canonical\" href=\"https:\/\/www.getemed.de\/de\/about-us\/\" \/>\n<meta property=\"og:locale\" content=\"de_DE\" \/>\n<meta property=\"og:type\" content=\"article\" \/>\n<meta property=\"og:title\" content=\"About Us - Medizin- und Informationstechnik AG\" \/>\n<meta property=\"og:description\" content=\"\u00dcber uns Unsere Vision Mit Erfahrung, Leidenschaft und Kreativit\u00e4t schaffen wir moderne Medizinprodukte f\u00fcr eine Gesundheitsversorgung, die Lebensqualit\u00e4t verbessert und jeden Tag Leben rettet. Innovative Medizintechnik aus Teltow GETEMED steht [&hellip;]\" \/>\n<meta property=\"og:url\" content=\"https:\/\/www.getemed.de\/de\/about-us\/\" \/>\n<meta property=\"og:site_name\" content=\"Medizin- und Informationstechnik AG\" \/>\n<meta property=\"article:modified_time\" content=\"2025-10-16T12:07:44+00:00\" \/>\n<meta name=\"twitter:card\" content=\"summary_large_image\" \/>\n<meta name=\"twitter:label1\" content=\"Gesch\u00e4tzte Lesezeit\" \/>\n\t<meta name=\"twitter:data1\" content=\"3\u00a0Minuten\" \/>\n<script type=\"application\/ld+json\" class=\"yoast-schema-graph\">{\"@context\":\"https:\\\/\\\/schema.org\",\"@graph\":[{\"@type\":\"WebPage\",\"@id\":\"https:\\\/\\\/www.getemed.de\\\/de\\\/about-us\\\/\",\"url\":\"https:\\\/\\\/www.getemed.de\\\/de\\\/about-us\\\/\",\"name\":\"About Us - Medizin- und Informationstechnik AG\",\"isPartOf\":{\"@id\":\"https:\\\/\\\/www.getemed.de\\\/de\\\/#website\"},\"datePublished\":\"2022-09-01T09:32:56+00:00\",\"dateModified\":\"2025-10-16T12:07:44+00:00\",\"inLanguage\":\"de\",\"potentialAction\":[{\"@type\":\"ReadAction\",\"target\":[\"https:\\\/\\\/www.getemed.de\\\/de\\\/about-us\\\/\"]}]},{\"@type\":\"WebSite\",\"@id\":\"https:\\\/\\\/www.getemed.de\\\/de\\\/#website\",\"url\":\"https:\\\/\\\/www.getemed.de\\\/de\\\/\",\"name\":\"GETEMED Medizin- und Informationstechnik AG\",\"description\":\"\",\"publisher\":{\"@id\":\"https:\\\/\\\/www.getemed.de\\\/de\\\/#organization\"},\"potentialAction\":[{\"@type\":\"SearchAction\",\"target\":{\"@type\":\"EntryPoint\",\"urlTemplate\":\"https:\\\/\\\/www.getemed.de\\\/de\\\/?s={search_term_string}\"},\"query-input\":{\"@type\":\"PropertyValueSpecification\",\"valueRequired\":true,\"valueName\":\"search_term_string\"}}],\"inLanguage\":\"de\"},{\"@type\":\"Organization\",\"@id\":\"https:\\\/\\\/www.getemed.de\\\/de\\\/#organization\",\"name\":\"GETEMEDNMedizin- und Informationstechnik AG\",\"url\":\"https:\\\/\\\/www.getemed.de\\\/de\\\/\",\"logo\":{\"@type\":\"ImageObject\",\"inLanguage\":\"de\",\"@id\":\"https:\\\/\\\/www.getemed.de\\\/de\\\/#\\\/schema\\\/logo\\\/image\\\/\",\"url\":\"https:\\\/\\\/www.getemed.de\\\/wp-content\\\/uploads\\\/Logo_GETEMED.png\",\"contentUrl\":\"https:\\\/\\\/www.getemed.de\\\/wp-content\\\/uploads\\\/Logo_GETEMED.png\",\"width\":1471,\"height\":305,\"caption\":\"GETEMEDNMedizin- und Informationstechnik AG\"},\"image\":{\"@id\":\"https:\\\/\\\/www.getemed.de\\\/de\\\/#\\\/schema\\\/logo\\\/image\\\/\"}}]}<\/script>\n<!-- \/ Yoast SEO plugin. -->","yoast_head_json":{"title":"About Us - Medizin- und Informationstechnik AG","robots":{"index":"index","follow":"follow","max-snippet":"max-snippet:-1","max-image-preview":"max-image-preview:large","max-video-preview":"max-video-preview:-1"},"canonical":"https:\/\/www.getemed.de\/de\/about-us\/","og_locale":"de_DE","og_type":"article","og_title":"About Us - Medizin- und Informationstechnik AG","og_description":"\u00dcber uns Unsere Vision Mit Erfahrung, Leidenschaft und Kreativit\u00e4t schaffen wir moderne Medizinprodukte f\u00fcr eine Gesundheitsversorgung, die Lebensqualit\u00e4t verbessert und jeden Tag Leben rettet. Innovative Medizintechnik aus Teltow GETEMED steht [&hellip;]","og_url":"https:\/\/www.getemed.de\/de\/about-us\/","og_site_name":"Medizin- und Informationstechnik AG","article_modified_time":"2025-10-16T12:07:44+00:00","twitter_card":"summary_large_image","twitter_misc":{"Gesch\u00e4tzte Lesezeit":"3\u00a0Minuten"},"schema":{"@context":"https:\/\/schema.org","@graph":[{"@type":"WebPage","@id":"https:\/\/www.getemed.de\/de\/about-us\/","url":"https:\/\/www.getemed.de\/de\/about-us\/","name":"About Us - Medizin- und Informationstechnik AG","isPartOf":{"@id":"https:\/\/www.getemed.de\/de\/#website"},"datePublished":"2022-09-01T09:32:56+00:00","dateModified":"2025-10-16T12:07:44+00:00","inLanguage":"de","potentialAction":[{"@type":"ReadAction","target":["https:\/\/www.getemed.de\/de\/about-us\/"]}]},{"@type":"WebSite","@id":"https:\/\/www.getemed.de\/de\/#website","url":"https:\/\/www.getemed.de\/de\/","name":"GETEMED Medizin- und Informationstechnik AG","description":"","publisher":{"@id":"https:\/\/www.getemed.de\/de\/#organization"},"potentialAction":[{"@type":"SearchAction","target":{"@type":"EntryPoint","urlTemplate":"https:\/\/www.getemed.de\/de\/?s={search_term_string}"},"query-input":{"@type":"PropertyValueSpecification","valueRequired":true,"valueName":"search_term_string"}}],"inLanguage":"de"},{"@type":"Organization","@id":"https:\/\/www.getemed.de\/de\/#organization","name":"GETEMEDNMedizin- und Informationstechnik AG","url":"https:\/\/www.getemed.de\/de\/","logo":{"@type":"ImageObject","inLanguage":"de","@id":"https:\/\/www.getemed.de\/de\/#\/schema\/logo\/image\/","url":"https:\/\/www.getemed.de\/wp-content\/uploads\/Logo_GETEMED.png","contentUrl":"https:\/\/www.getemed.de\/wp-content\/uploads\/Logo_GETEMED.png","width":1471,"height":305,"caption":"GETEMEDNMedizin- und Informationstechnik AG"},"image":{"@id":"https:\/\/www.getemed.de\/de\/#\/schema\/logo\/image\/"}}]}},"_links":{"self":[{"href":"https:\/\/www.getemed.de\/de\/wp-json\/wp\/v2\/pages\/2423","targetHints":{"allow":["GET"]}}],"collection":[{"href":"https:\/\/www.getemed.de\/de\/wp-json\/wp\/v2\/pages"}],"about":[{"href":"https:\/\/www.getemed.de\/de\/wp-json\/wp\/v2\/types\/page"}],"author":[{"embeddable":true,"href":"https:\/\/www.getemed.de\/de\/wp-json\/wp\/v2\/users\/219149281"}],"replies":[{"embeddable":true,"href":"https:\/\/www.getemed.de\/de\/wp-json\/wp\/v2\/comments?post=2423"}],"version-history":[{"count":6,"href":"https:\/\/www.getemed.de\/de\/wp-json\/wp\/v2\/pages\/2423\/revisions"}],"predecessor-version":[{"id":9164,"href":"https:\/\/www.getemed.de\/de\/wp-json\/wp\/v2\/pages\/2423\/revisions\/9164"}],"wp:attachment":[{"href":"https:\/\/www.getemed.de\/de\/wp-json\/wp\/v2\/media?parent=2423"}],"curies":[{"name":"wp","href":"https:\/\/api.w.org\/{rel}","templated":true}]}}