{"id":1357,"date":"2022-08-16T14:04:14","date_gmt":"2022-08-16T12:04:14","guid":{"rendered":"https:\/\/www.getemed.de\/?page_id=1357"},"modified":"2022-10-05T11:20:46","modified_gmt":"2022-10-05T09:20:46","slug":"directions","status":"publish","type":"page","link":"https:\/\/www.getemed.de\/de\/directions\/","title":{"rendered":"Directions"},"content":{"rendered":"\t\t<div data-elementor-type=\"wp-page\" data-elementor-id=\"1357\" class=\"elementor elementor-1357\" data-elementor-post-type=\"page\">\n\t\t\t\t\t\t<section class=\"elementor-section elementor-top-section elementor-element elementor-element-b07bea4 elementor-section-height-min-height elementor-reverse-mobile elementor-reverse-tablet elementor-section-boxed elementor-section-height-default elementor-section-items-middle elementor-invisible\" data-id=\"b07bea4\" data-element_type=\"section\" data-e-type=\"section\" data-settings=\"{&quot;background_background&quot;:&quot;classic&quot;,&quot;animation&quot;:&quot;fadeIn&quot;}\">\n\t\t\t\t\t\t\t<div class=\"elementor-background-overlay\"><\/div>\n\t\t\t\t\t\t\t<div class=\"elementor-container elementor-column-gap-default\">\n\t\t\t\t\t<div class=\"elementor-column elementor-col-100 elementor-top-column elementor-element elementor-element-9d38d0e\" data-id=\"9d38d0e\" data-element_type=\"column\" data-e-type=\"column\">\n\t\t\t<div class=\"elementor-widget-wrap elementor-element-populated\">\n\t\t\t\t\t\t<div class=\"elementor-element elementor-element-07fc20f elementor-widget__width-inherit elementor-widget elementor-widget-heading\" data-id=\"07fc20f\" data-element_type=\"widget\" data-e-type=\"widget\" data-widget_type=\"heading.default\">\n\t\t\t\t<div class=\"elementor-widget-container\">\n\t\t\t\t\t<h1 class=\"elementor-heading-title elementor-size-default\">Anfahrt<\/h1>\t\t\t\t<\/div>\n\t\t\t\t<\/div>\n\t\t\t\t\t<\/div>\n\t\t<\/div>\n\t\t\t\t\t<\/div>\n\t\t<\/section>\n\t\t\t\t<section class=\"elementor-section elementor-top-section elementor-element elementor-element-0e37093 elementor-section-boxed elementor-section-height-default elementor-section-height-default\" data-id=\"0e37093\" data-element_type=\"section\" data-e-type=\"section\">\n\t\t\t\t\t\t<div class=\"elementor-container elementor-column-gap-default\">\n\t\t\t\t\t<div class=\"elementor-column elementor-col-100 elementor-top-column elementor-element elementor-element-17ff7d0\" data-id=\"17ff7d0\" data-element_type=\"column\" data-e-type=\"column\">\n\t\t\t<div class=\"elementor-widget-wrap elementor-element-populated\">\n\t\t\t\t\t\t<div class=\"elementor-element elementor-element-42db8ff elementor-widget elementor-widget-text-editor\" data-id=\"42db8ff\" data-element_type=\"widget\" data-e-type=\"widget\" data-widget_type=\"text-editor.default\">\n\t\t\t\t<div class=\"elementor-widget-container\">\n\t\t\t\t\t\t\t\t\t<p><b>Routenplaner<\/b><\/p><p>Besuchen Sie uns! Sie finden uns in einem modernen B\u00fcrogeb\u00e4ude im Technoterrain Teltow am s\u00fcdlichen Berliner Stadtrand.<\/p>\t\t\t\t\t\t\t\t<\/div>\n\t\t\t\t<\/div>\n\t\t\t\t\t<\/div>\n\t\t<\/div>\n\t\t\t\t\t<\/div>\n\t\t<\/section>\n\t\t\t\t<section class=\"elementor-section elementor-top-section elementor-element elementor-element-041686a elementor-section-boxed elementor-section-height-default elementor-section-height-default elementor-invisible\" data-id=\"041686a\" data-element_type=\"section\" data-e-type=\"section\" data-settings=\"{&quot;background_background&quot;:&quot;classic&quot;,&quot;animation&quot;:&quot;fadeIn&quot;}\">\n\t\t\t\t\t\t<div class=\"elementor-container elementor-column-gap-default\">\n\t\t\t\t\t<div class=\"elementor-column elementor-col-50 elementor-top-column elementor-element elementor-element-55cdfe7\" data-id=\"55cdfe7\" data-element_type=\"column\" data-e-type=\"column\">\n\t\t\t<div class=\"elementor-widget-wrap elementor-element-populated\">\n\t\t\t\t\t\t<div class=\"elementor-element elementor-element-b193087 elementor-widget elementor-widget-text-editor\" data-id=\"b193087\" data-element_type=\"widget\" data-e-type=\"widget\" data-widget_type=\"text-editor.default\">\n\t\t\t\t<div class=\"elementor-widget-container\">\n\t\t\t\t\t\t\t\t\t<p><strong style=\"color: var( --e-global-color-text );\">Anfahrt mit Bahn \/ Bus von Berlin Hauptbahnhof:<\/strong><\/p><ul><li>Regionalbahn RE4 Richtung Ludwigsfelde bis Bahnhof Teltow<\/li><li>dann weiter mit dem Bus 601 oder X1 Richtung Potsdam Hbf<\/li><li>Haltestelle: Teltow, Feuerwehr<\/li><\/ul><p><strong>\u00a0<\/strong><\/p><p><strong>Anfahrt mit Bahn \/ Bus von Berlin S-Potsdamer Platz:<\/strong><\/p><ul><li>S-Bahn S25 Richtung Teltow Stadt bis Endhaltestelle S-Bahnhof Teltow Stadt<\/li><li>dann weiter mit dem Bus 601 oder X1 Richtung Potsdam Hbf<\/li><li>Haltestelle: Teltow, Feuerwehr<\/li><\/ul><div><p><span style=\"color: var( --e-global-color-text );\">\u00a0<\/span><\/p><p><span style=\"color: var( --e-global-color-text );\"><b>Anfahrt mit Bahn \/ Bus von Berlin S-Alexander Platz:<\/b><\/span><\/p><ul><li>S-Bahn S7 Richtung Potsdam Hbf bis S-Bahnhof Wannsee<\/li><li>dann weiter mit dem Bus 620 Richtung Teltow<\/li><li>Haltestelle: Teltow, Rammrath-Br\u00fccke<\/li><\/ul><\/div>\t\t\t\t\t\t\t\t<\/div>\n\t\t\t\t<\/div>\n\t\t\t\t<div class=\"elementor-element elementor-element-e560d49 elementor-widget elementor-widget-text-editor\" data-id=\"e560d49\" data-element_type=\"widget\" data-e-type=\"widget\" data-widget_type=\"text-editor.default\">\n\t\t\t\t<div class=\"elementor-widget-container\">\n\t\t\t\t\t\t\t\t\t<p><strong style=\"color: var( --e-global-color-text );\">Anfahrt mit Pkw \u00fcber A115:<\/strong><\/p><ul><li>\u00fcber A115, Ausfahrt Potsdam Babelsberg Richtung Teltow (Nr. 6)<\/li><li>weiter \u00fcber L40 und Potsdamer Allee Richtung Teltow<\/li><li>in Teltow hinter McDonald&#8217;s nach links abbiegen (im Kreisverkehr die 3. Ausfahrt)<\/li><li>bei der n\u00e4chsten M\u00f6glichkeit links in die Oderstra\u00dfe abbiegen<\/li><li>nach ca. 200 m rechts halten und bis zum Ende der Stra\u00dfe fahren<\/li><\/ul><p><strong>\u00a0<\/strong><\/p><p><b style=\"color: var( --e-global-color-text );\">Anreise mit dem Flugzeug:<\/b><\/p><ul style=\"font-size: 14px;\"><li style=\"font-size: 14px;\"><span style=\"color: var( --e-global-color-text ); font-family: var( --e-global-typography-text-font-family ), Sans-serif; font-size: 1rem;\"><b> ab Flughafen Berlin Brandenburg <\/b>(BER): mit Regionalbahn RE7 Richtung Ro\u00dflau bis S-Bahnhof Wannsee\u00a0<\/span><\/li><li style=\"font-size: 14px;\"><span style=\"color: var( --e-global-color-text ); font-family: var( --e-global-typography-text-font-family ), Sans-serif; font-size: 1rem;\">dann weiter mit dem Bus 620 Richtung Teltow\u00a0<\/span><\/li><li style=\"font-size: 14px;\"><span style=\"color: var( --e-global-color-text ); font-family: var( --e-global-typography-text-font-family ), Sans-serif; font-size: 1rem;\">aussteigen Rammrath-Br\u00fccke\u00a0<\/span><\/li><li style=\"font-size: 14px;\"><span style=\"color: var( --e-global-color-text ); font-family: var( --e-global-typography-text-font-family ), Sans-serif; font-size: 1rem;\">oder mit dem Flughafenschnellbus nach Teltow<\/span><\/li><\/ul>\t\t\t\t\t\t\t\t<\/div>\n\t\t\t\t<\/div>\n\t\t\t\t\t<\/div>\n\t\t<\/div>\n\t\t\t\t<div class=\"elementor-column elementor-col-50 elementor-top-column elementor-element elementor-element-42989af\" data-id=\"42989af\" data-element_type=\"column\" data-e-type=\"column\">\n\t\t\t<div class=\"elementor-widget-wrap elementor-element-populated\">\n\t\t\t\t\t\t<div class=\"elementor-element elementor-element-39dde36 elementor-widget elementor-widget-image\" data-id=\"39dde36\" data-element_type=\"widget\" data-e-type=\"widget\" data-widget_type=\"image.default\">\n\t\t\t\t<div class=\"elementor-widget-container\">\n\t\t\t\t\t\t\t\t\t\t\t\t\t\t\t<img fetchpriority=\"high\" decoding=\"async\" width=\"800\" height=\"534\" src=\"https:\/\/www.getemed.de\/wp-content\/uploads\/2022\/08\/getemed_firmengebaude-1024x683.jpg\" class=\"attachment-large size-large wp-image-1492\" alt=\"\" srcset=\"https:\/\/www.getemed.de\/wp-content\/uploads\/2022\/08\/getemed_firmengebaude-1024x683.jpg 1024w, https:\/\/www.getemed.de\/wp-content\/uploads\/2022\/08\/getemed_firmengebaude-300x200.jpg 300w, https:\/\/www.getemed.de\/wp-content\/uploads\/2022\/08\/getemed_firmengebaude-150x100.jpg 150w, https:\/\/www.getemed.de\/wp-content\/uploads\/2022\/08\/getemed_firmengebaude-768x512.jpg 768w, https:\/\/www.getemed.de\/wp-content\/uploads\/2022\/08\/getemed_firmengebaude-1536x1024.jpg 1536w, https:\/\/www.getemed.de\/wp-content\/uploads\/2022\/08\/getemed_firmengebaude.jpg 1800w\" sizes=\"(max-width: 800px) 100vw, 800px\" \/>\t\t\t\t\t\t\t\t\t\t\t\t\t\t\t<\/div>\n\t\t\t\t<\/div>\n\t\t\t\t<div class=\"elementor-element elementor-element-c894850 elementor-widget elementor-widget-image\" data-id=\"c894850\" data-element_type=\"widget\" data-e-type=\"widget\" data-widget_type=\"image.default\">\n\t\t\t\t<div class=\"elementor-widget-container\">\n\t\t\t\t\t\t\t\t\t\t\t\t\t\t\t<img decoding=\"async\" width=\"2000\" height=\"1091\" src=\"https:\/\/www.getemed.de\/wp-content\/uploads\/2022\/04\/Location_1519797579911.jpg\" class=\"attachment-full size-full wp-image-147\" alt=\"\" srcset=\"https:\/\/www.getemed.de\/wp-content\/uploads\/2022\/04\/Location_1519797579911.jpg 2000w, https:\/\/www.getemed.de\/wp-content\/uploads\/2022\/04\/Location_1519797579911-300x164.jpg 300w, https:\/\/www.getemed.de\/wp-content\/uploads\/2022\/04\/Location_1519797579911-1024x559.jpg 1024w, https:\/\/www.getemed.de\/wp-content\/uploads\/2022\/04\/Location_1519797579911-150x82.jpg 150w, https:\/\/www.getemed.de\/wp-content\/uploads\/2022\/04\/Location_1519797579911-768x419.jpg 768w, https:\/\/www.getemed.de\/wp-content\/uploads\/2022\/04\/Location_1519797579911-1536x838.jpg 1536w\" sizes=\"(max-width: 2000px) 100vw, 2000px\" \/>\t\t\t\t\t\t\t\t\t\t\t\t\t\t\t<\/div>\n\t\t\t\t<\/div>\n\t\t\t\t<div class=\"elementor-element elementor-element-ffc38e9 elementor-widget elementor-widget-image\" data-id=\"ffc38e9\" data-element_type=\"widget\" data-e-type=\"widget\" data-widget_type=\"image.default\">\n\t\t\t\t<div class=\"elementor-widget-container\">\n\t\t\t\t\t\t\t\t\t\t\t\t\t\t\t<img decoding=\"async\" width=\"800\" height=\"410\" src=\"https:\/\/www.getemed.de\/wp-content\/uploads\/2022\/06\/Firma-Fronteingang-1024x525.jpg\" class=\"attachment-large size-large wp-image-311\" alt=\"\" srcset=\"https:\/\/www.getemed.de\/wp-content\/uploads\/2022\/06\/Firma-Fronteingang-1024x525.jpg 1024w, https:\/\/www.getemed.de\/wp-content\/uploads\/2022\/06\/Firma-Fronteingang-300x154.jpg 300w, https:\/\/www.getemed.de\/wp-content\/uploads\/2022\/06\/Firma-Fronteingang-150x77.jpg 150w, https:\/\/www.getemed.de\/wp-content\/uploads\/2022\/06\/Firma-Fronteingang-768x394.jpg 768w, https:\/\/www.getemed.de\/wp-content\/uploads\/2022\/06\/Firma-Fronteingang.jpg 1152w\" sizes=\"(max-width: 800px) 100vw, 800px\" \/>\t\t\t\t\t\t\t\t\t\t\t\t\t\t\t<\/div>\n\t\t\t\t<\/div>\n\t\t\t\t\t<\/div>\n\t\t<\/div>\n\t\t\t\t\t<\/div>\n\t\t<\/section>\n\t\t\t\t<section class=\"elementor-section elementor-top-section elementor-element elementor-element-55e6864 elementor-section-height-min-height elementor-section-boxed elementor-section-height-default elementor-section-items-middle elementor-invisible\" data-id=\"55e6864\" data-element_type=\"section\" data-e-type=\"section\" data-settings=\"{&quot;animation&quot;:&quot;fadeIn&quot;}\">\n\t\t\t\t\t\t<div class=\"elementor-container elementor-column-gap-default\">\n\t\t\t\t\t<div class=\"elementor-column elementor-col-100 elementor-top-column elementor-element elementor-element-5b19fff\" data-id=\"5b19fff\" data-element_type=\"column\" data-e-type=\"column\">\n\t\t\t<div class=\"elementor-widget-wrap elementor-element-populated\">\n\t\t\t\t\t\t<div class=\"elementor-element elementor-element-e34867b elementor-widget elementor-widget-google_maps\" data-id=\"e34867b\" data-element_type=\"widget\" data-e-type=\"widget\" data-widget_type=\"google_maps.default\">\n\t\t\t\t<div class=\"elementor-widget-container\">\n\t\t\t\t\t\t\t<div class=\"elementor-custom-embed\">\n\t\t\t<iframe loading=\"lazy\"\n\t\t\t\t\tsrc=\"https:\/\/maps.google.com\/maps?q=Oderstra%C3%9Fe%2077%20%2014513%20Teltow&#038;t=m&#038;z=16&#038;output=embed&#038;iwloc=near\"\n\t\t\t\t\ttitle=\"Oderstra\u00dfe 77  14513 Teltow\"\n\t\t\t\t\taria-label=\"Oderstra\u00dfe 77  14513 Teltow\"\n\t\t\t><\/iframe>\n\t\t<\/div>\n\t\t\t\t\t\t<\/div>\n\t\t\t\t<\/div>\n\t\t\t\t\t<\/div>\n\t\t<\/div>\n\t\t\t\t\t<\/div>\n\t\t<\/section>\n\t\t\t\t<\/div>\n\t\t","protected":false},"excerpt":{"rendered":"<p>Anfahrt Routenplaner Besuchen Sie uns! Sie finden uns in einem modernen B\u00fcrogeb\u00e4ude im Technoterrain Teltow am s\u00fcdlichen Berliner Stadtrand. Anfahrt mit Bahn \/ Bus von Berlin Hauptbahnhof: Regionalbahn RE4 Richtung [&hellip;]<\/p>\n","protected":false},"author":219149281,"featured_media":0,"parent":0,"menu_order":0,"comment_status":"closed","ping_status":"closed","template":"","meta":{"footnotes":""},"class_list":["post-1357","page","type-page","status-publish","hentry"],"yoast_head":"<!-- This site is optimized with the Yoast SEO plugin v27.3 - https:\/\/yoast.com\/product\/yoast-seo-wordpress\/ -->\n<title>Directions - Medizin- und Informationstechnik AG<\/title>\n<meta name=\"robots\" content=\"index, follow, max-snippet:-1, max-image-preview:large, max-video-preview:-1\" \/>\n<link rel=\"canonical\" href=\"https:\/\/www.getemed.de\/de\/directions\/\" \/>\n<meta property=\"og:locale\" content=\"de_DE\" \/>\n<meta property=\"og:type\" content=\"article\" \/>\n<meta property=\"og:title\" content=\"Directions - Medizin- und Informationstechnik AG\" \/>\n<meta property=\"og:description\" content=\"Anfahrt Routenplaner Besuchen Sie uns! Sie finden uns in einem modernen B\u00fcrogeb\u00e4ude im Technoterrain Teltow am s\u00fcdlichen Berliner Stadtrand. Anfahrt mit Bahn \/ Bus von Berlin Hauptbahnhof: Regionalbahn RE4 Richtung [&hellip;]\" \/>\n<meta property=\"og:url\" content=\"https:\/\/www.getemed.de\/de\/directions\/\" \/>\n<meta property=\"og:site_name\" content=\"Medizin- und Informationstechnik AG\" \/>\n<meta property=\"article:modified_time\" content=\"2022-10-05T09:20:46+00:00\" \/>\n<meta property=\"og:image\" content=\"https:\/\/www.getemed.de\/wp-content\/uploads\/2022\/08\/getemed_firmengebaude-1024x683.jpg\" \/>\n<meta name=\"twitter:card\" content=\"summary_large_image\" \/>\n<meta name=\"twitter:label1\" content=\"Gesch\u00e4tzte Lesezeit\" \/>\n\t<meta name=\"twitter:data1\" content=\"2\u00a0Minuten\" \/>\n<script type=\"application\/ld+json\" class=\"yoast-schema-graph\">{\"@context\":\"https:\\\/\\\/schema.org\",\"@graph\":[{\"@type\":\"WebPage\",\"@id\":\"https:\\\/\\\/www.getemed.de\\\/de\\\/directions\\\/\",\"url\":\"https:\\\/\\\/www.getemed.de\\\/de\\\/directions\\\/\",\"name\":\"Directions - Medizin- und Informationstechnik AG\",\"isPartOf\":{\"@id\":\"https:\\\/\\\/www.getemed.de\\\/de\\\/#website\"},\"primaryImageOfPage\":{\"@id\":\"https:\\\/\\\/www.getemed.de\\\/de\\\/directions\\\/#primaryimage\"},\"image\":{\"@id\":\"https:\\\/\\\/www.getemed.de\\\/de\\\/directions\\\/#primaryimage\"},\"thumbnailUrl\":\"https:\\\/\\\/www.getemed.de\\\/wp-content\\\/uploads\\\/2022\\\/08\\\/getemed_firmengebaude-1024x683.jpg\",\"datePublished\":\"2022-08-16T12:04:14+00:00\",\"dateModified\":\"2022-10-05T09:20:46+00:00\",\"inLanguage\":\"de\",\"potentialAction\":[{\"@type\":\"ReadAction\",\"target\":[\"https:\\\/\\\/www.getemed.de\\\/de\\\/directions\\\/\"]}]},{\"@type\":\"ImageObject\",\"inLanguage\":\"de\",\"@id\":\"https:\\\/\\\/www.getemed.de\\\/de\\\/directions\\\/#primaryimage\",\"url\":\"https:\\\/\\\/www.getemed.de\\\/wp-content\\\/uploads\\\/2022\\\/08\\\/getemed_firmengebaude-1024x683.jpg\",\"contentUrl\":\"https:\\\/\\\/www.getemed.de\\\/wp-content\\\/uploads\\\/2022\\\/08\\\/getemed_firmengebaude-1024x683.jpg\"},{\"@type\":\"WebSite\",\"@id\":\"https:\\\/\\\/www.getemed.de\\\/de\\\/#website\",\"url\":\"https:\\\/\\\/www.getemed.de\\\/de\\\/\",\"name\":\"GETEMED Medizin- und Informationstechnik AG\",\"description\":\"\",\"publisher\":{\"@id\":\"https:\\\/\\\/www.getemed.de\\\/de\\\/#organization\"},\"potentialAction\":[{\"@type\":\"SearchAction\",\"target\":{\"@type\":\"EntryPoint\",\"urlTemplate\":\"https:\\\/\\\/www.getemed.de\\\/de\\\/?s={search_term_string}\"},\"query-input\":{\"@type\":\"PropertyValueSpecification\",\"valueRequired\":true,\"valueName\":\"search_term_string\"}}],\"inLanguage\":\"de\"},{\"@type\":\"Organization\",\"@id\":\"https:\\\/\\\/www.getemed.de\\\/de\\\/#organization\",\"name\":\"GETEMEDNMedizin- und Informationstechnik AG\",\"url\":\"https:\\\/\\\/www.getemed.de\\\/de\\\/\",\"logo\":{\"@type\":\"ImageObject\",\"inLanguage\":\"de\",\"@id\":\"https:\\\/\\\/www.getemed.de\\\/de\\\/#\\\/schema\\\/logo\\\/image\\\/\",\"url\":\"https:\\\/\\\/www.getemed.de\\\/wp-content\\\/uploads\\\/Logo_GETEMED.png\",\"contentUrl\":\"https:\\\/\\\/www.getemed.de\\\/wp-content\\\/uploads\\\/Logo_GETEMED.png\",\"width\":1471,\"height\":305,\"caption\":\"GETEMEDNMedizin- und Informationstechnik AG\"},\"image\":{\"@id\":\"https:\\\/\\\/www.getemed.de\\\/de\\\/#\\\/schema\\\/logo\\\/image\\\/\"}}]}<\/script>\n<!-- \/ Yoast SEO plugin. -->","yoast_head_json":{"title":"Directions - Medizin- und Informationstechnik AG","robots":{"index":"index","follow":"follow","max-snippet":"max-snippet:-1","max-image-preview":"max-image-preview:large","max-video-preview":"max-video-preview:-1"},"canonical":"https:\/\/www.getemed.de\/de\/directions\/","og_locale":"de_DE","og_type":"article","og_title":"Directions - Medizin- und Informationstechnik AG","og_description":"Anfahrt Routenplaner Besuchen Sie uns! Sie finden uns in einem modernen B\u00fcrogeb\u00e4ude im Technoterrain Teltow am s\u00fcdlichen Berliner Stadtrand. Anfahrt mit Bahn \/ Bus von Berlin Hauptbahnhof: Regionalbahn RE4 Richtung [&hellip;]","og_url":"https:\/\/www.getemed.de\/de\/directions\/","og_site_name":"Medizin- und Informationstechnik AG","article_modified_time":"2022-10-05T09:20:46+00:00","og_image":[{"url":"https:\/\/www.getemed.de\/wp-content\/uploads\/2022\/08\/getemed_firmengebaude-1024x683.jpg","type":"","width":"","height":""}],"twitter_card":"summary_large_image","twitter_misc":{"Gesch\u00e4tzte Lesezeit":"2\u00a0Minuten"},"schema":{"@context":"https:\/\/schema.org","@graph":[{"@type":"WebPage","@id":"https:\/\/www.getemed.de\/de\/directions\/","url":"https:\/\/www.getemed.de\/de\/directions\/","name":"Directions - Medizin- und Informationstechnik AG","isPartOf":{"@id":"https:\/\/www.getemed.de\/de\/#website"},"primaryImageOfPage":{"@id":"https:\/\/www.getemed.de\/de\/directions\/#primaryimage"},"image":{"@id":"https:\/\/www.getemed.de\/de\/directions\/#primaryimage"},"thumbnailUrl":"https:\/\/www.getemed.de\/wp-content\/uploads\/2022\/08\/getemed_firmengebaude-1024x683.jpg","datePublished":"2022-08-16T12:04:14+00:00","dateModified":"2022-10-05T09:20:46+00:00","inLanguage":"de","potentialAction":[{"@type":"ReadAction","target":["https:\/\/www.getemed.de\/de\/directions\/"]}]},{"@type":"ImageObject","inLanguage":"de","@id":"https:\/\/www.getemed.de\/de\/directions\/#primaryimage","url":"https:\/\/www.getemed.de\/wp-content\/uploads\/2022\/08\/getemed_firmengebaude-1024x683.jpg","contentUrl":"https:\/\/www.getemed.de\/wp-content\/uploads\/2022\/08\/getemed_firmengebaude-1024x683.jpg"},{"@type":"WebSite","@id":"https:\/\/www.getemed.de\/de\/#website","url":"https:\/\/www.getemed.de\/de\/","name":"GETEMED Medizin- und Informationstechnik AG","description":"","publisher":{"@id":"https:\/\/www.getemed.de\/de\/#organization"},"potentialAction":[{"@type":"SearchAction","target":{"@type":"EntryPoint","urlTemplate":"https:\/\/www.getemed.de\/de\/?s={search_term_string}"},"query-input":{"@type":"PropertyValueSpecification","valueRequired":true,"valueName":"search_term_string"}}],"inLanguage":"de"},{"@type":"Organization","@id":"https:\/\/www.getemed.de\/de\/#organization","name":"GETEMEDNMedizin- und Informationstechnik AG","url":"https:\/\/www.getemed.de\/de\/","logo":{"@type":"ImageObject","inLanguage":"de","@id":"https:\/\/www.getemed.de\/de\/#\/schema\/logo\/image\/","url":"https:\/\/www.getemed.de\/wp-content\/uploads\/Logo_GETEMED.png","contentUrl":"https:\/\/www.getemed.de\/wp-content\/uploads\/Logo_GETEMED.png","width":1471,"height":305,"caption":"GETEMEDNMedizin- und Informationstechnik AG"},"image":{"@id":"https:\/\/www.getemed.de\/de\/#\/schema\/logo\/image\/"}}]}},"_links":{"self":[{"href":"https:\/\/www.getemed.de\/de\/wp-json\/wp\/v2\/pages\/1357","targetHints":{"allow":["GET"]}}],"collection":[{"href":"https:\/\/www.getemed.de\/de\/wp-json\/wp\/v2\/pages"}],"about":[{"href":"https:\/\/www.getemed.de\/de\/wp-json\/wp\/v2\/types\/page"}],"author":[{"embeddable":true,"href":"https:\/\/www.getemed.de\/de\/wp-json\/wp\/v2\/users\/219149281"}],"replies":[{"embeddable":true,"href":"https:\/\/www.getemed.de\/de\/wp-json\/wp\/v2\/comments?post=1357"}],"version-history":[{"count":0,"href":"https:\/\/www.getemed.de\/de\/wp-json\/wp\/v2\/pages\/1357\/revisions"}],"wp:attachment":[{"href":"https:\/\/www.getemed.de\/de\/wp-json\/wp\/v2\/media?parent=1357"}],"curies":[{"name":"wp","href":"https:\/\/api.w.org\/{rel}","templated":true}]}}