{"id":1330,"date":"2022-08-16T13:53:58","date_gmt":"2022-08-16T11:53:58","guid":{"rendered":"https:\/\/www.getemed.de\/?page_id=1330"},"modified":"2023-04-19T09:58:48","modified_gmt":"2023-04-19T07:58:48","slug":"smart-recreation","status":"publish","type":"page","link":"https:\/\/www.getemed.de\/de\/smart-recreation\/","title":{"rendered":"Smart Recreation"},"content":{"rendered":"\t\t<div data-elementor-type=\"wp-page\" data-elementor-id=\"1330\" class=\"elementor elementor-1330\" data-elementor-post-type=\"page\">\n\t\t\t\t\t\t<section class=\"elementor-section elementor-top-section elementor-element elementor-element-df57f43 elementor-section-boxed elementor-section-height-default elementor-section-height-default\" data-id=\"df57f43\" data-element_type=\"section\" data-e-type=\"section\">\n\t\t\t\t\t\t<div class=\"elementor-container elementor-column-gap-default\">\n\t\t\t\t\t<div class=\"elementor-column elementor-col-100 elementor-top-column elementor-element elementor-element-2f2e685\" data-id=\"2f2e685\" data-element_type=\"column\" data-e-type=\"column\">\n\t\t\t<div class=\"elementor-widget-wrap elementor-element-populated\">\n\t\t\t\t\t\t<div class=\"elementor-element elementor-element-ad7baab elementor-widget elementor-widget-heading\" data-id=\"ad7baab\" data-element_type=\"widget\" data-e-type=\"widget\" data-widget_type=\"heading.default\">\n\t\t\t\t<div class=\"elementor-widget-container\">\n\t\t\t\t\t<h2 class=\"elementor-heading-title elementor-size-default\">Smarte Erholung<\/h2>\t\t\t\t<\/div>\n\t\t\t\t<\/div>\n\t\t\t\t<div class=\"elementor-element elementor-element-fd586af elementor-widget elementor-widget-text-editor\" data-id=\"fd586af\" data-element_type=\"widget\" data-e-type=\"widget\" data-widget_type=\"text-editor.default\">\n\t\t\t\t<div class=\"elementor-widget-container\">\n\t\t\t\t\t\t\t\t\t<p><b><span lang=\"DE\">Smarte Erholung durch angewandte Telemedizin<\/span><\/b><\/p><p style=\"line-height: normal; background-image: initial; background-position: initial; background-size: initial; background-repeat: initial; background-attachment: initial; background-origin: initial; background-clip: initial;\"><span lang=\"DE\">Smart Performance Hotels werden ihren Hotelg\u00e4sten die M\u00f6glichkeit bieten, eine Auszeit vom Alltag mit besonders wirkungsvollen Schritten zur Verbesserung der Work-Life-Balance zu verbinden. Unser innovatives Vorhaben kombiniert neueste Technologien, wie z. B. die telemedizinische Diagnostik, mit einem hochwertigen Hotelangebot. Als Hotelgast bekommen Sie einen Check-up und, basierend auf Vitalparameter-Messung und Leistungsdiagnostik, ein f\u00fcr Sie pers\u00f6nlich zusammengestelltes Erholungsangebot mit den Kernkomponenten Entspannung, Ern\u00e4hrung und Bewegung nach dem bewango<sup>\u00ae<\/sup>-Konzept. \u00dcber den Hotelaufenthalt hinaus k\u00f6nnen Sie die Nachhaltigkeit der erzielten Verbesserung mit Hilfe einer App festigen.\u00a0<\/span><\/p><p style=\"line-height: normal; background-image: initial; background-position: initial; background-size: initial; background-repeat: initial; background-attachment: initial; background-origin: initial; background-clip: initial;\"><span lang=\"DE\">Zur Realisierung dieses Konzepts, welches im Rahmen des Brandenburger Ideenwettbewerbs \u201edigital health for a better life\u201c entstanden ist, arbeitet GETEMED eng mit der Firma BRAINtuning GmbH zusammen und entwickelt sowohl die technische Infrastruktur zur Erfassung und Verwaltung der Daten als auch eine App f\u00fcr die Signalvorverarbeitung und intelligentes Signalmanagement zur Ermittlung einer Erholungsbilanz durch Verkn\u00fcpfung der verschiedenen Informationen und Zust\u00e4nde.\u00a0<\/span><\/p><p><b><span lang=\"DE\">Partner<\/span><\/b><\/p>\t\t\t\t\t\t\t\t<\/div>\n\t\t\t\t<\/div>\n\t\t\t\t<section class=\"elementor-section elementor-inner-section elementor-element elementor-element-ae283d0 elementor-section-boxed elementor-section-height-default elementor-section-height-default\" data-id=\"ae283d0\" data-element_type=\"section\" data-e-type=\"section\">\n\t\t\t\t\t\t<div class=\"elementor-container elementor-column-gap-default\">\n\t\t\t\t\t<div class=\"elementor-column elementor-col-50 elementor-inner-column elementor-element elementor-element-d034078\" data-id=\"d034078\" data-element_type=\"column\" data-e-type=\"column\">\n\t\t\t<div class=\"elementor-widget-wrap elementor-element-populated\">\n\t\t\t\t\t\t<div class=\"elementor-element elementor-element-d43018b elementor-widget elementor-widget-text-editor\" data-id=\"d43018b\" data-element_type=\"widget\" data-e-type=\"widget\" data-widget_type=\"text-editor.default\">\n\t\t\t\t<div class=\"elementor-widget-container\">\n\t\t\t\t\t\t\t\t\t<p>BRAINtuning GmbH<\/p>\t\t\t\t\t\t\t\t<\/div>\n\t\t\t\t<\/div>\n\t\t\t\t\t<\/div>\n\t\t<\/div>\n\t\t\t\t<div class=\"elementor-column elementor-col-50 elementor-inner-column elementor-element elementor-element-0d5c1b3\" data-id=\"0d5c1b3\" data-element_type=\"column\" data-e-type=\"column\">\n\t\t\t<div class=\"elementor-widget-wrap elementor-element-populated\">\n\t\t\t\t\t\t<div class=\"elementor-element elementor-element-44f8f81 elementor-widget elementor-widget-image\" data-id=\"44f8f81\" data-element_type=\"widget\" data-e-type=\"widget\" data-widget_type=\"image.default\">\n\t\t\t\t<div class=\"elementor-widget-container\">\n\t\t\t\t\t\t\t\t\t\t\t\t\t\t\t<img fetchpriority=\"high\" decoding=\"async\" width=\"281\" height=\"179\" src=\"https:\/\/www.getemed.de\/wp-content\/uploads\/2022\/08\/braintuning.png\" class=\"attachment-large size-large wp-image-1451\" alt=\"\" srcset=\"https:\/\/www.getemed.de\/wp-content\/uploads\/2022\/08\/braintuning.png 281w, https:\/\/www.getemed.de\/wp-content\/uploads\/2022\/08\/braintuning-150x96.png 150w\" sizes=\"(max-width: 281px) 100vw, 281px\" \/>\t\t\t\t\t\t\t\t\t\t\t\t\t\t\t<\/div>\n\t\t\t\t<\/div>\n\t\t\t\t\t<\/div>\n\t\t<\/div>\n\t\t\t\t\t<\/div>\n\t\t<\/section>\n\t\t\t\t<div class=\"elementor-element elementor-element-3244bfa elementor-widget elementor-widget-text-editor\" data-id=\"3244bfa\" data-element_type=\"widget\" data-e-type=\"widget\" data-widget_type=\"text-editor.default\">\n\t\t\t\t<div class=\"elementor-widget-container\">\n\t\t\t\t\t\t\t\t\t<p><strong>F\u00f6rderung<\/strong><\/p><p>F\u00fcr die Durchf\u00fchrung des Vorhabens wird GETEMED eine zweckgebundene Zuwendung (ProFIT-Zuschuss Bund\/Land) auf der Grundlage der Richtlinie des Ministeriums f\u00fcr Wirtschaft und Europaangelegenheiten des Landes Brandenburg f\u00fcr das Programm zur F\u00f6rderung von Forschung, Innovation und Technologien (ProFIT Brandenburg) gew\u00e4hrt.\u00a0<\/p>\t\t\t\t\t\t\t\t<\/div>\n\t\t\t\t<\/div>\n\t\t\t\t\t<\/div>\n\t\t<\/div>\n\t\t\t\t\t<\/div>\n\t\t<\/section>\n\t\t\t\t<\/div>\n\t\t","protected":false},"excerpt":{"rendered":"<p>Smarte Erholung Smarte Erholung durch angewandte Telemedizin Smart Performance Hotels werden ihren Hotelg\u00e4sten die M\u00f6glichkeit bieten, eine Auszeit vom Alltag mit besonders wirkungsvollen Schritten zur Verbesserung der Work-Life-Balance zu verbinden. [&hellip;]<\/p>\n","protected":false},"author":219149281,"featured_media":0,"parent":0,"menu_order":0,"comment_status":"closed","ping_status":"closed","template":"","meta":{"footnotes":""},"class_list":["post-1330","page","type-page","status-publish","hentry"],"yoast_head":"<!-- This site is optimized with the Yoast SEO plugin v27.3 - https:\/\/yoast.com\/product\/yoast-seo-wordpress\/ -->\n<title>Smart Recreation - Medizin- und Informationstechnik AG<\/title>\n<meta name=\"robots\" content=\"index, follow, max-snippet:-1, max-image-preview:large, max-video-preview:-1\" \/>\n<link rel=\"canonical\" href=\"https:\/\/www.getemed.de\/de\/smart-recreation\/\" \/>\n<meta property=\"og:locale\" content=\"de_DE\" \/>\n<meta property=\"og:type\" content=\"article\" \/>\n<meta property=\"og:title\" content=\"Smart Recreation - Medizin- und Informationstechnik AG\" \/>\n<meta property=\"og:description\" content=\"Smarte Erholung Smarte Erholung durch angewandte Telemedizin Smart Performance Hotels werden ihren Hotelg\u00e4sten die M\u00f6glichkeit bieten, eine Auszeit vom Alltag mit besonders wirkungsvollen Schritten zur Verbesserung der Work-Life-Balance zu verbinden. [&hellip;]\" \/>\n<meta property=\"og:url\" content=\"https:\/\/www.getemed.de\/de\/smart-recreation\/\" \/>\n<meta property=\"og:site_name\" content=\"Medizin- und Informationstechnik AG\" \/>\n<meta property=\"article:modified_time\" content=\"2023-04-19T07:58:48+00:00\" \/>\n<meta property=\"og:image\" content=\"https:\/\/www.getemed.de\/wp-content\/uploads\/2022\/08\/braintuning.png\" \/>\n<meta name=\"twitter:card\" content=\"summary_large_image\" \/>\n<meta name=\"twitter:label1\" content=\"Gesch\u00e4tzte Lesezeit\" \/>\n\t<meta name=\"twitter:data1\" content=\"2\u00a0Minuten\" \/>\n<script type=\"application\/ld+json\" class=\"yoast-schema-graph\">{\"@context\":\"https:\\\/\\\/schema.org\",\"@graph\":[{\"@type\":\"WebPage\",\"@id\":\"https:\\\/\\\/www.getemed.de\\\/de\\\/smart-recreation\\\/\",\"url\":\"https:\\\/\\\/www.getemed.de\\\/de\\\/smart-recreation\\\/\",\"name\":\"Smart Recreation - Medizin- und Informationstechnik AG\",\"isPartOf\":{\"@id\":\"https:\\\/\\\/www.getemed.de\\\/de\\\/#website\"},\"primaryImageOfPage\":{\"@id\":\"https:\\\/\\\/www.getemed.de\\\/de\\\/smart-recreation\\\/#primaryimage\"},\"image\":{\"@id\":\"https:\\\/\\\/www.getemed.de\\\/de\\\/smart-recreation\\\/#primaryimage\"},\"thumbnailUrl\":\"https:\\\/\\\/www.getemed.de\\\/wp-content\\\/uploads\\\/2022\\\/08\\\/braintuning.png\",\"datePublished\":\"2022-08-16T11:53:58+00:00\",\"dateModified\":\"2023-04-19T07:58:48+00:00\",\"inLanguage\":\"de\",\"potentialAction\":[{\"@type\":\"ReadAction\",\"target\":[\"https:\\\/\\\/www.getemed.de\\\/de\\\/smart-recreation\\\/\"]}]},{\"@type\":\"ImageObject\",\"inLanguage\":\"de\",\"@id\":\"https:\\\/\\\/www.getemed.de\\\/de\\\/smart-recreation\\\/#primaryimage\",\"url\":\"https:\\\/\\\/www.getemed.de\\\/wp-content\\\/uploads\\\/2022\\\/08\\\/braintuning.png\",\"contentUrl\":\"https:\\\/\\\/www.getemed.de\\\/wp-content\\\/uploads\\\/2022\\\/08\\\/braintuning.png\"},{\"@type\":\"WebSite\",\"@id\":\"https:\\\/\\\/www.getemed.de\\\/de\\\/#website\",\"url\":\"https:\\\/\\\/www.getemed.de\\\/de\\\/\",\"name\":\"GETEMED Medizin- und Informationstechnik AG\",\"description\":\"\",\"publisher\":{\"@id\":\"https:\\\/\\\/www.getemed.de\\\/de\\\/#organization\"},\"potentialAction\":[{\"@type\":\"SearchAction\",\"target\":{\"@type\":\"EntryPoint\",\"urlTemplate\":\"https:\\\/\\\/www.getemed.de\\\/de\\\/?s={search_term_string}\"},\"query-input\":{\"@type\":\"PropertyValueSpecification\",\"valueRequired\":true,\"valueName\":\"search_term_string\"}}],\"inLanguage\":\"de\"},{\"@type\":\"Organization\",\"@id\":\"https:\\\/\\\/www.getemed.de\\\/de\\\/#organization\",\"name\":\"GETEMEDNMedizin- und Informationstechnik AG\",\"url\":\"https:\\\/\\\/www.getemed.de\\\/de\\\/\",\"logo\":{\"@type\":\"ImageObject\",\"inLanguage\":\"de\",\"@id\":\"https:\\\/\\\/www.getemed.de\\\/de\\\/#\\\/schema\\\/logo\\\/image\\\/\",\"url\":\"https:\\\/\\\/www.getemed.de\\\/wp-content\\\/uploads\\\/Logo_GETEMED.png\",\"contentUrl\":\"https:\\\/\\\/www.getemed.de\\\/wp-content\\\/uploads\\\/Logo_GETEMED.png\",\"width\":1471,\"height\":305,\"caption\":\"GETEMEDNMedizin- und Informationstechnik AG\"},\"image\":{\"@id\":\"https:\\\/\\\/www.getemed.de\\\/de\\\/#\\\/schema\\\/logo\\\/image\\\/\"}}]}<\/script>\n<!-- \/ Yoast SEO plugin. -->","yoast_head_json":{"title":"Smart Recreation - Medizin- und Informationstechnik AG","robots":{"index":"index","follow":"follow","max-snippet":"max-snippet:-1","max-image-preview":"max-image-preview:large","max-video-preview":"max-video-preview:-1"},"canonical":"https:\/\/www.getemed.de\/de\/smart-recreation\/","og_locale":"de_DE","og_type":"article","og_title":"Smart Recreation - Medizin- und Informationstechnik AG","og_description":"Smarte Erholung Smarte Erholung durch angewandte Telemedizin Smart Performance Hotels werden ihren Hotelg\u00e4sten die M\u00f6glichkeit bieten, eine Auszeit vom Alltag mit besonders wirkungsvollen Schritten zur Verbesserung der Work-Life-Balance zu verbinden. [&hellip;]","og_url":"https:\/\/www.getemed.de\/de\/smart-recreation\/","og_site_name":"Medizin- und Informationstechnik AG","article_modified_time":"2023-04-19T07:58:48+00:00","og_image":[{"url":"https:\/\/www.getemed.de\/wp-content\/uploads\/2022\/08\/braintuning.png","type":"","width":"","height":""}],"twitter_card":"summary_large_image","twitter_misc":{"Gesch\u00e4tzte Lesezeit":"2\u00a0Minuten"},"schema":{"@context":"https:\/\/schema.org","@graph":[{"@type":"WebPage","@id":"https:\/\/www.getemed.de\/de\/smart-recreation\/","url":"https:\/\/www.getemed.de\/de\/smart-recreation\/","name":"Smart Recreation - Medizin- und Informationstechnik AG","isPartOf":{"@id":"https:\/\/www.getemed.de\/de\/#website"},"primaryImageOfPage":{"@id":"https:\/\/www.getemed.de\/de\/smart-recreation\/#primaryimage"},"image":{"@id":"https:\/\/www.getemed.de\/de\/smart-recreation\/#primaryimage"},"thumbnailUrl":"https:\/\/www.getemed.de\/wp-content\/uploads\/2022\/08\/braintuning.png","datePublished":"2022-08-16T11:53:58+00:00","dateModified":"2023-04-19T07:58:48+00:00","inLanguage":"de","potentialAction":[{"@type":"ReadAction","target":["https:\/\/www.getemed.de\/de\/smart-recreation\/"]}]},{"@type":"ImageObject","inLanguage":"de","@id":"https:\/\/www.getemed.de\/de\/smart-recreation\/#primaryimage","url":"https:\/\/www.getemed.de\/wp-content\/uploads\/2022\/08\/braintuning.png","contentUrl":"https:\/\/www.getemed.de\/wp-content\/uploads\/2022\/08\/braintuning.png"},{"@type":"WebSite","@id":"https:\/\/www.getemed.de\/de\/#website","url":"https:\/\/www.getemed.de\/de\/","name":"GETEMED Medizin- und Informationstechnik AG","description":"","publisher":{"@id":"https:\/\/www.getemed.de\/de\/#organization"},"potentialAction":[{"@type":"SearchAction","target":{"@type":"EntryPoint","urlTemplate":"https:\/\/www.getemed.de\/de\/?s={search_term_string}"},"query-input":{"@type":"PropertyValueSpecification","valueRequired":true,"valueName":"search_term_string"}}],"inLanguage":"de"},{"@type":"Organization","@id":"https:\/\/www.getemed.de\/de\/#organization","name":"GETEMEDNMedizin- und Informationstechnik AG","url":"https:\/\/www.getemed.de\/de\/","logo":{"@type":"ImageObject","inLanguage":"de","@id":"https:\/\/www.getemed.de\/de\/#\/schema\/logo\/image\/","url":"https:\/\/www.getemed.de\/wp-content\/uploads\/Logo_GETEMED.png","contentUrl":"https:\/\/www.getemed.de\/wp-content\/uploads\/Logo_GETEMED.png","width":1471,"height":305,"caption":"GETEMEDNMedizin- und Informationstechnik AG"},"image":{"@id":"https:\/\/www.getemed.de\/de\/#\/schema\/logo\/image\/"}}]}},"_links":{"self":[{"href":"https:\/\/www.getemed.de\/de\/wp-json\/wp\/v2\/pages\/1330","targetHints":{"allow":["GET"]}}],"collection":[{"href":"https:\/\/www.getemed.de\/de\/wp-json\/wp\/v2\/pages"}],"about":[{"href":"https:\/\/www.getemed.de\/de\/wp-json\/wp\/v2\/types\/page"}],"author":[{"embeddable":true,"href":"https:\/\/www.getemed.de\/de\/wp-json\/wp\/v2\/users\/219149281"}],"replies":[{"embeddable":true,"href":"https:\/\/www.getemed.de\/de\/wp-json\/wp\/v2\/comments?post=1330"}],"version-history":[{"count":0,"href":"https:\/\/www.getemed.de\/de\/wp-json\/wp\/v2\/pages\/1330\/revisions"}],"wp:attachment":[{"href":"https:\/\/www.getemed.de\/de\/wp-json\/wp\/v2\/media?parent=1330"}],"curies":[{"name":"wp","href":"https:\/\/api.w.org\/{rel}","templated":true}]}}