{"id":1328,"date":"2022-08-16T13:53:10","date_gmt":"2022-08-16T11:53:10","guid":{"rendered":"https:\/\/www.getemed.de\/?page_id=1328"},"modified":"2026-01-19T09:14:17","modified_gmt":"2026-01-19T08:14:17","slug":"alta-moni","status":"publish","type":"page","link":"https:\/\/www.getemed.de\/de\/alta-moni\/","title":{"rendered":"Alta Moni"},"content":{"rendered":"<h2>Alta Moni<\/h2>\n<p><b>Alltagstaugliche sensorische Unterbekleidung zum internetgest\u00fctzen Monitoring von EKG und Aktivit\u00e4t<\/b><\/p>\n<p>Textilintegrierte Sensorik bietet aufgrund der guten Integrierbarkeit in die k\u00f6rpernah getragene Bekleidung zahlreiche neue Einsatzm\u00f6glichkeiten und Anwendungsgebiete f\u00fcr die Diagnose bzw. Fr\u00fcherkennung von Herz-Kreislauf-Problemen, wie zum Beispiel Herzrhythmusst\u00f6rungen. Unter anderem sind die folgenden Anwendungsgebiete vorstellbar:<\/p>\n<ul>\n<li><!-- [if !supportLists]-->betreutes Wohnen von Senioren,<\/li>\n<li><!-- [if !supportLists]-->Assistenzsysteme f\u00fcr Kraftfahrzeuge,<\/li>\n<li><!--[endif]-->sicherheitsrelevante T\u00e4tigkeiten im Beruf,<\/li>\n<li>kardiologische Untersuchungen (Langzeit-EKG).<\/li>\n<\/ul>\n<p>Um den Problemen bei der Erfassung von EKG-Signalen unter ambulanten Bedingungen (kleine Amplituden, Bewegungsartefakte, externe St\u00f6rungen, usw.) zu begegnen, setzt GETEMED in dem vom BMWi gef\u00f6rderten ZIM-KOOP-Projekt Verfahren der k\u00fcnstlichen Intelligenz zur sichereren Erkennung von St\u00f6rungen im EKG-Signal ein. Dadurch sollenHerzrhythmusst\u00f6rungen mit hoher Sensitivit\u00e4t und Spezifit\u00e4t erkannt werden.<\/p>\n<p>\u00a0<\/p>\n<p><strong>Partner<\/strong><\/p>\n<p>Deutsche Institute f\u00fcr Textil- und Faserforschung, Denkendorf (DITF)<\/p>\n<p>\t\t\t\t\t\t\t\t\t\t\t\t\t\t\t<img loading=\"lazy\" decoding=\"async\" width=\"300\" height=\"210\" src=\"https:\/\/www.getemed.de\/wp-content\/uploads\/2022\/08\/DITF_logo_low_sz-300x210.jpg\" alt=\"\" loading=\"lazy\" srcset=\"https:\/\/www.getemed.de\/wp-content\/uploads\/2022\/08\/DITF_logo_low_sz-300x210.jpg 300w, https:\/\/www.getemed.de\/wp-content\/uploads\/2022\/08\/DITF_logo_low_sz-1024x718.jpg 1024w, https:\/\/www.getemed.de\/wp-content\/uploads\/2022\/08\/DITF_logo_low_sz-150x105.jpg 150w, https:\/\/www.getemed.de\/wp-content\/uploads\/2022\/08\/DITF_logo_low_sz-768x538.jpg 768w, https:\/\/www.getemed.de\/wp-content\/uploads\/2022\/08\/DITF_logo_low_sz-1536x1077.jpg 1536w, https:\/\/www.getemed.de\/wp-content\/uploads\/2022\/08\/DITF_logo_low_sz-2048x1436.jpg 2048w\" sizes=\"auto, (max-width: 300px) 100vw, 300px\" \/>\t\t\t\t\t\t\t\t\t\t\t\t\t\t\t<\/p>\n<p>Karl Conzelmann GmbH &amp; Co. KG, Albstadt<\/p>\n<p>\t\t\t\t\t\t\t\t\t\t\t\t\t\t\t<img loading=\"lazy\" decoding=\"async\" width=\"300\" height=\"36\" src=\"https:\/\/www.getemed.de\/wp-content\/uploads\/2022\/08\/Fa.Conzelmann-NinavonC_rot_HKS15-300x36.png\" alt=\"\" loading=\"lazy\" srcset=\"https:\/\/www.getemed.de\/wp-content\/uploads\/2022\/08\/Fa.Conzelmann-NinavonC_rot_HKS15-300x36.png 300w, https:\/\/www.getemed.de\/wp-content\/uploads\/2022\/08\/Fa.Conzelmann-NinavonC_rot_HKS15-1024x123.png 1024w, https:\/\/www.getemed.de\/wp-content\/uploads\/2022\/08\/Fa.Conzelmann-NinavonC_rot_HKS15-150x18.png 150w, https:\/\/www.getemed.de\/wp-content\/uploads\/2022\/08\/Fa.Conzelmann-NinavonC_rot_HKS15-768x92.png 768w, https:\/\/www.getemed.de\/wp-content\/uploads\/2022\/08\/Fa.Conzelmann-NinavonC_rot_HKS15-1536x184.png 1536w, https:\/\/www.getemed.de\/wp-content\/uploads\/2022\/08\/Fa.Conzelmann-NinavonC_rot_HKS15-2048x246.png 2048w\" sizes=\"auto, (max-width: 300px) 100vw, 300px\" \/><\/p>\n","protected":false},"excerpt":{"rendered":"<p>Alta Moni Alltagstaugliche sensorische Unterbekleidung zum internetgest\u00fctzen Monitoring von EKG und Aktivit\u00e4t Textilintegrierte Sensorik bietet aufgrund der guten Integrierbarkeit in die k\u00f6rpernah getragene Bekleidung zahlreiche neue Einsatzm\u00f6glichkeiten und Anwendungsgebiete f\u00fcr [&hellip;]<\/p>\n","protected":false},"author":219149281,"featured_media":0,"parent":0,"menu_order":0,"comment_status":"closed","ping_status":"closed","template":"","meta":{"footnotes":""},"class_list":["post-1328","page","type-page","status-publish","hentry"],"yoast_head":"<!-- This site is optimized with the Yoast SEO plugin v27.5 - https:\/\/yoast.com\/product\/yoast-seo-wordpress\/ -->\n<title>Alta Moni - Medizin- und Informationstechnik AG<\/title>\n<meta name=\"robots\" content=\"index, follow, max-snippet:-1, max-image-preview:large, max-video-preview:-1\" \/>\n<link rel=\"canonical\" href=\"https:\/\/www.getemed.de\/de\/alta-moni\/\" \/>\n<meta property=\"og:locale\" content=\"de_DE\" \/>\n<meta property=\"og:type\" content=\"article\" \/>\n<meta property=\"og:title\" content=\"Alta Moni - Medizin- und Informationstechnik AG\" \/>\n<meta property=\"og:description\" content=\"Alta Moni Alltagstaugliche sensorische Unterbekleidung zum internetgest\u00fctzen Monitoring von EKG und Aktivit\u00e4t Textilintegrierte Sensorik bietet aufgrund der guten Integrierbarkeit in die k\u00f6rpernah getragene Bekleidung zahlreiche neue Einsatzm\u00f6glichkeiten und Anwendungsgebiete f\u00fcr [&hellip;]\" \/>\n<meta property=\"og:url\" content=\"https:\/\/www.getemed.de\/de\/alta-moni\/\" \/>\n<meta property=\"og:site_name\" content=\"Medizin- und Informationstechnik AG\" \/>\n<meta property=\"article:modified_time\" content=\"2026-01-19T08:14:17+00:00\" \/>\n<meta property=\"og:image\" content=\"https:\/\/www.getemed.de\/wp-content\/uploads\/2022\/08\/DITF_logo_low_sz-300x210.jpg\" \/>\n<meta name=\"twitter:card\" content=\"summary_large_image\" \/>\n<meta name=\"twitter:label1\" content=\"Gesch\u00e4tzte Lesezeit\" \/>\n\t<meta name=\"twitter:data1\" content=\"2\u00a0Minuten\" \/>\n<script type=\"application\/ld+json\" class=\"yoast-schema-graph\">{\"@context\":\"https:\\\/\\\/schema.org\",\"@graph\":[{\"@type\":\"WebPage\",\"@id\":\"https:\\\/\\\/www.getemed.de\\\/alta-moni\\\/\",\"url\":\"https:\\\/\\\/www.getemed.de\\\/alta-moni\\\/\",\"name\":\"Alta Moni - Medizin- und Informationstechnik AG\",\"isPartOf\":{\"@id\":\"https:\\\/\\\/www.getemed.de\\\/de\\\/#website\"},\"primaryImageOfPage\":{\"@id\":\"https:\\\/\\\/www.getemed.de\\\/alta-moni\\\/#primaryimage\"},\"image\":{\"@id\":\"https:\\\/\\\/www.getemed.de\\\/alta-moni\\\/#primaryimage\"},\"thumbnailUrl\":\"https:\\\/\\\/www.getemed.de\\\/wp-content\\\/uploads\\\/2022\\\/08\\\/DITF_logo_low_sz-300x210.jpg\",\"datePublished\":\"2022-08-16T11:53:10+00:00\",\"dateModified\":\"2026-01-19T08:14:17+00:00\",\"inLanguage\":\"de\",\"potentialAction\":[{\"@type\":\"ReadAction\",\"target\":[\"https:\\\/\\\/www.getemed.de\\\/alta-moni\\\/\"]}]},{\"@type\":\"ImageObject\",\"inLanguage\":\"de\",\"@id\":\"https:\\\/\\\/www.getemed.de\\\/alta-moni\\\/#primaryimage\",\"url\":\"https:\\\/\\\/www.getemed.de\\\/wp-content\\\/uploads\\\/2022\\\/08\\\/DITF_logo_low_sz-300x210.jpg\",\"contentUrl\":\"https:\\\/\\\/www.getemed.de\\\/wp-content\\\/uploads\\\/2022\\\/08\\\/DITF_logo_low_sz-300x210.jpg\"},{\"@type\":\"WebSite\",\"@id\":\"https:\\\/\\\/www.getemed.de\\\/de\\\/#website\",\"url\":\"https:\\\/\\\/www.getemed.de\\\/de\\\/\",\"name\":\"GETEMED Medizin- und Informationstechnik AG\",\"description\":\"\",\"publisher\":{\"@id\":\"https:\\\/\\\/www.getemed.de\\\/de\\\/#organization\"},\"potentialAction\":[{\"@type\":\"SearchAction\",\"target\":{\"@type\":\"EntryPoint\",\"urlTemplate\":\"https:\\\/\\\/www.getemed.de\\\/de\\\/?s={search_term_string}\"},\"query-input\":{\"@type\":\"PropertyValueSpecification\",\"valueRequired\":true,\"valueName\":\"search_term_string\"}}],\"inLanguage\":\"de\"},{\"@type\":\"Organization\",\"@id\":\"https:\\\/\\\/www.getemed.de\\\/de\\\/#organization\",\"name\":\"GETEMEDNMedizin- und Informationstechnik AG\",\"url\":\"https:\\\/\\\/www.getemed.de\\\/de\\\/\",\"logo\":{\"@type\":\"ImageObject\",\"inLanguage\":\"de\",\"@id\":\"https:\\\/\\\/www.getemed.de\\\/de\\\/#\\\/schema\\\/logo\\\/image\\\/\",\"url\":\"https:\\\/\\\/www.getemed.de\\\/wp-content\\\/uploads\\\/Logo_GETEMED.png\",\"contentUrl\":\"https:\\\/\\\/www.getemed.de\\\/wp-content\\\/uploads\\\/Logo_GETEMED.png\",\"width\":1471,\"height\":305,\"caption\":\"GETEMEDNMedizin- und Informationstechnik AG\"},\"image\":{\"@id\":\"https:\\\/\\\/www.getemed.de\\\/de\\\/#\\\/schema\\\/logo\\\/image\\\/\"}}]}<\/script>\n<!-- \/ Yoast SEO plugin. -->","yoast_head_json":{"title":"Alta Moni - Medizin- und Informationstechnik AG","robots":{"index":"index","follow":"follow","max-snippet":"max-snippet:-1","max-image-preview":"max-image-preview:large","max-video-preview":"max-video-preview:-1"},"canonical":"https:\/\/www.getemed.de\/de\/alta-moni\/","og_locale":"de_DE","og_type":"article","og_title":"Alta Moni - Medizin- und Informationstechnik AG","og_description":"Alta Moni Alltagstaugliche sensorische Unterbekleidung zum internetgest\u00fctzen Monitoring von EKG und Aktivit\u00e4t Textilintegrierte Sensorik bietet aufgrund der guten Integrierbarkeit in die k\u00f6rpernah getragene Bekleidung zahlreiche neue Einsatzm\u00f6glichkeiten und Anwendungsgebiete f\u00fcr [&hellip;]","og_url":"https:\/\/www.getemed.de\/de\/alta-moni\/","og_site_name":"Medizin- und Informationstechnik AG","article_modified_time":"2026-01-19T08:14:17+00:00","og_image":[{"url":"https:\/\/www.getemed.de\/wp-content\/uploads\/2022\/08\/DITF_logo_low_sz-300x210.jpg","type":"","width":"","height":""}],"twitter_card":"summary_large_image","twitter_misc":{"Gesch\u00e4tzte Lesezeit":"2\u00a0Minuten"},"schema":{"@context":"https:\/\/schema.org","@graph":[{"@type":"WebPage","@id":"https:\/\/www.getemed.de\/alta-moni\/","url":"https:\/\/www.getemed.de\/alta-moni\/","name":"Alta Moni - Medizin- und Informationstechnik AG","isPartOf":{"@id":"https:\/\/www.getemed.de\/de\/#website"},"primaryImageOfPage":{"@id":"https:\/\/www.getemed.de\/alta-moni\/#primaryimage"},"image":{"@id":"https:\/\/www.getemed.de\/alta-moni\/#primaryimage"},"thumbnailUrl":"https:\/\/www.getemed.de\/wp-content\/uploads\/2022\/08\/DITF_logo_low_sz-300x210.jpg","datePublished":"2022-08-16T11:53:10+00:00","dateModified":"2026-01-19T08:14:17+00:00","inLanguage":"de","potentialAction":[{"@type":"ReadAction","target":["https:\/\/www.getemed.de\/alta-moni\/"]}]},{"@type":"ImageObject","inLanguage":"de","@id":"https:\/\/www.getemed.de\/alta-moni\/#primaryimage","url":"https:\/\/www.getemed.de\/wp-content\/uploads\/2022\/08\/DITF_logo_low_sz-300x210.jpg","contentUrl":"https:\/\/www.getemed.de\/wp-content\/uploads\/2022\/08\/DITF_logo_low_sz-300x210.jpg"},{"@type":"WebSite","@id":"https:\/\/www.getemed.de\/de\/#website","url":"https:\/\/www.getemed.de\/de\/","name":"GETEMED Medizin- und Informationstechnik AG","description":"","publisher":{"@id":"https:\/\/www.getemed.de\/de\/#organization"},"potentialAction":[{"@type":"SearchAction","target":{"@type":"EntryPoint","urlTemplate":"https:\/\/www.getemed.de\/de\/?s={search_term_string}"},"query-input":{"@type":"PropertyValueSpecification","valueRequired":true,"valueName":"search_term_string"}}],"inLanguage":"de"},{"@type":"Organization","@id":"https:\/\/www.getemed.de\/de\/#organization","name":"GETEMEDNMedizin- und Informationstechnik AG","url":"https:\/\/www.getemed.de\/de\/","logo":{"@type":"ImageObject","inLanguage":"de","@id":"https:\/\/www.getemed.de\/de\/#\/schema\/logo\/image\/","url":"https:\/\/www.getemed.de\/wp-content\/uploads\/Logo_GETEMED.png","contentUrl":"https:\/\/www.getemed.de\/wp-content\/uploads\/Logo_GETEMED.png","width":1471,"height":305,"caption":"GETEMEDNMedizin- und Informationstechnik AG"},"image":{"@id":"https:\/\/www.getemed.de\/de\/#\/schema\/logo\/image\/"}}]}},"_links":{"self":[{"href":"https:\/\/www.getemed.de\/de\/wp-json\/wp\/v2\/pages\/1328","targetHints":{"allow":["GET"]}}],"collection":[{"href":"https:\/\/www.getemed.de\/de\/wp-json\/wp\/v2\/pages"}],"about":[{"href":"https:\/\/www.getemed.de\/de\/wp-json\/wp\/v2\/types\/page"}],"author":[{"embeddable":true,"href":"https:\/\/www.getemed.de\/de\/wp-json\/wp\/v2\/users\/219149281"}],"replies":[{"embeddable":true,"href":"https:\/\/www.getemed.de\/de\/wp-json\/wp\/v2\/comments?post=1328"}],"version-history":[{"count":1,"href":"https:\/\/www.getemed.de\/de\/wp-json\/wp\/v2\/pages\/1328\/revisions"}],"predecessor-version":[{"id":9333,"href":"https:\/\/www.getemed.de\/de\/wp-json\/wp\/v2\/pages\/1328\/revisions\/9333"}],"wp:attachment":[{"href":"https:\/\/www.getemed.de\/de\/wp-json\/wp\/v2\/media?parent=1328"}],"curies":[{"name":"wp","href":"https:\/\/api.w.org\/{rel}","templated":true}]}}