{"id":1326,"date":"2022-08-16T13:52:31","date_gmt":"2022-08-16T11:52:31","guid":{"rendered":"https:\/\/www.getemed.de\/?page_id=1326"},"modified":"2026-01-26T20:18:54","modified_gmt":"2026-01-26T19:18:54","slug":"research","status":"publish","type":"page","link":"https:\/\/www.getemed.de\/de\/research\/","title":{"rendered":"Research"},"content":{"rendered":"\t\t<div data-elementor-type=\"wp-page\" data-elementor-id=\"1326\" class=\"elementor elementor-1326\" data-elementor-post-type=\"page\">\n\t\t\t\t\t\t<section class=\"elementor-section elementor-top-section elementor-element elementor-element-89d5669 elementor-section-height-min-height elementor-reverse-mobile elementor-reverse-tablet elementor-section-boxed elementor-section-height-default elementor-section-items-middle elementor-invisible\" data-id=\"89d5669\" data-element_type=\"section\" data-e-type=\"section\" data-settings=\"{&quot;background_background&quot;:&quot;classic&quot;,&quot;animation&quot;:&quot;fadeIn&quot;}\">\n\t\t\t\t\t\t\t<div class=\"elementor-background-overlay\"><\/div>\n\t\t\t\t\t\t\t<div class=\"elementor-container elementor-column-gap-default\">\n\t\t\t\t\t<div class=\"elementor-column elementor-col-100 elementor-top-column elementor-element elementor-element-17c6337\" data-id=\"17c6337\" data-element_type=\"column\" data-e-type=\"column\">\n\t\t\t<div class=\"elementor-widget-wrap elementor-element-populated\">\n\t\t\t\t\t\t<div class=\"elementor-element elementor-element-d5d3632 elementor-widget__width-inherit elementor-widget elementor-widget-heading\" data-id=\"d5d3632\" data-element_type=\"widget\" data-e-type=\"widget\" data-widget_type=\"heading.default\">\n\t\t\t\t<div class=\"elementor-widget-container\">\n\t\t\t\t\t<h1 class=\"elementor-heading-title elementor-size-default\">Forschungsprojekte und F\u00f6rderung<\/h1>\t\t\t\t<\/div>\n\t\t\t\t<\/div>\n\t\t\t\t\t<\/div>\n\t\t<\/div>\n\t\t\t\t\t<\/div>\n\t\t<\/section>\n\t\t\t\t<section class=\"elementor-section elementor-top-section elementor-element elementor-element-e0d9e74 elementor-section-boxed elementor-section-height-default elementor-section-height-default\" data-id=\"e0d9e74\" data-element_type=\"section\" data-e-type=\"section\">\n\t\t\t\t\t\t<div class=\"elementor-container elementor-column-gap-default\">\n\t\t\t\t\t<div class=\"elementor-column elementor-col-100 elementor-top-column elementor-element elementor-element-7d6490a\" data-id=\"7d6490a\" data-element_type=\"column\" data-e-type=\"column\">\n\t\t\t<div class=\"elementor-widget-wrap elementor-element-populated\">\n\t\t\t\t\t\t<div class=\"elementor-element elementor-element-a93433b elementor-widget elementor-widget-text-editor\" data-id=\"a93433b\" data-element_type=\"widget\" data-e-type=\"widget\" data-widget_type=\"text-editor.default\">\n\t\t\t\t<div class=\"elementor-widget-container\">\n\t\t\t\t\t\t\t\t\t<h5 style=\"color: #000000; font-family: 'Segoe UI VSS (Regular)', 'Segoe UI', -apple-system, BlinkMacSystemFont, Roboto, 'Helvetica Neue', Helvetica, Ubuntu, Arial, sans-serif, 'Apple Color Emoji', 'Segoe UI Emoji', 'Segoe UI Symbol'; font-size: 14px;\"><span style=\"color: var( --e-global-color-text ); font-family: 'Montserrat Light', sans-serif; font-size: 1rem;\">GETEMED arbeitet derzeit an einem Projekt f\u00fcr:<\/span><\/h5>\n<p><span style=\"color: var( --e-global-color-text );\"><b>KI-gest\u00fctzte Prozess- und Organisationsinnovation zur St\u00e4rkung der IT-Sicherheit und Wettbewerbsf\u00e4higkeit bei GETEMED.<\/b><\/span><\/p>\n<p><span style=\"color: var( --e-global-color-text );\">Ziel des Projektes aus dem F\u00f6rderprogramm &#8222;Brandenburgischer Innovationsgutschein (BIG-Digital)&#8220; ist die Einf\u00fchrung von neuen digitalen, KI-gest\u00fctzten Organisations- und Prozessmethoden in den Bereichen der Produktionssteuerung, Projektabwicklung und Wissensmanagement mittels einer integrierten Unternehmensplattform, die organisatorische, prozessuale und sicherheitstechnische Innovation vereint.&nbsp;<\/span><\/p>\n<p>Mehr Informationen unter:<\/p>\n<p><a href=\"http:\/\/efre.brandenburg.de\" target=\"_blank\" rel=\"noopener\">efre.brandenburg.de<\/a><\/p>\t\t\t\t\t\t\t\t<\/div>\n\t\t\t\t<\/div>\n\t\t\t\t<section class=\"elementor-section elementor-inner-section elementor-element elementor-element-35a58d7 elementor-section-boxed elementor-section-height-default elementor-section-height-default\" data-id=\"35a58d7\" data-element_type=\"section\" data-e-type=\"section\">\n\t\t\t\t\t\t<div class=\"elementor-container elementor-column-gap-default\">\n\t\t\t\t\t<div class=\"elementor-column elementor-col-50 elementor-inner-column elementor-element elementor-element-1e0bde5\" data-id=\"1e0bde5\" data-element_type=\"column\" data-e-type=\"column\">\n\t\t\t<div class=\"elementor-widget-wrap elementor-element-populated\">\n\t\t\t\t\t\t<div class=\"elementor-element elementor-element-235438b elementor-widget elementor-widget-image\" data-id=\"235438b\" data-element_type=\"widget\" data-e-type=\"widget\" data-widget_type=\"image.default\">\n\t\t\t\t<div class=\"elementor-widget-container\">\n\t\t\t\t\t\t\t\t\t\t\t\t\t\t\t<img decoding=\"async\" width=\"300\" height=\"66\" src=\"https:\/\/www.getemed.de\/wp-content\/uploads\/DE_Co-fundedbytheEU_RGB_POS-300x66.png\" class=\"attachment-medium size-medium wp-image-9335\" alt=\"\" srcset=\"https:\/\/www.getemed.de\/wp-content\/uploads\/DE_Co-fundedbytheEU_RGB_POS-300x66.png 300w, https:\/\/www.getemed.de\/wp-content\/uploads\/DE_Co-fundedbytheEU_RGB_POS-1024x225.png 1024w, https:\/\/www.getemed.de\/wp-content\/uploads\/DE_Co-fundedbytheEU_RGB_POS-150x33.png 150w, https:\/\/www.getemed.de\/wp-content\/uploads\/DE_Co-fundedbytheEU_RGB_POS-768x169.png 768w, https:\/\/www.getemed.de\/wp-content\/uploads\/DE_Co-fundedbytheEU_RGB_POS-1536x337.png 1536w, https:\/\/www.getemed.de\/wp-content\/uploads\/DE_Co-fundedbytheEU_RGB_POS-2048x450.png 2048w, https:\/\/www.getemed.de\/wp-content\/uploads\/DE_Co-fundedbytheEU_RGB_POS-18x4.png 18w\" sizes=\"(max-width: 300px) 100vw, 300px\" \/>\t\t\t\t\t\t\t\t\t\t\t\t\t\t\t<\/div>\n\t\t\t\t<\/div>\n\t\t\t\t\t<\/div>\n\t\t<\/div>\n\t\t\t\t<div class=\"elementor-column elementor-col-50 elementor-inner-column elementor-element elementor-element-8465e07\" data-id=\"8465e07\" data-element_type=\"column\" data-e-type=\"column\">\n\t\t\t<div class=\"elementor-widget-wrap elementor-element-populated\">\n\t\t\t\t\t\t\t<\/div>\n\t\t<\/div>\n\t\t\t\t\t<\/div>\n\t\t<\/section>\n\t\t\t\t\t<\/div>\n\t\t<\/div>\n\t\t\t\t\t<\/div>\n\t\t<\/section>\n\t\t\t\t<\/div>\n\t\t","protected":false},"excerpt":{"rendered":"<p>Forschungsprojekte und F\u00f6rderung GETEMED arbeitet derzeit an einem Projekt f\u00fcr: KI-gest\u00fctzte Prozess- und Organisationsinnovation zur St\u00e4rkung der IT-Sicherheit und Wettbewerbsf\u00e4higkeit bei GETEMED. Ziel des Projektes aus dem F\u00f6rderprogramm &#8222;Brandenburgischer Innovationsgutschein [&hellip;]<\/p>\n","protected":false},"author":219149281,"featured_media":0,"parent":0,"menu_order":0,"comment_status":"closed","ping_status":"closed","template":"","meta":{"footnotes":""},"class_list":["post-1326","page","type-page","status-publish","hentry"],"yoast_head":"<!-- This site is optimized with the Yoast SEO plugin v27.3 - https:\/\/yoast.com\/product\/yoast-seo-wordpress\/ -->\n<title>Research - Medizin- und Informationstechnik AG<\/title>\n<meta name=\"robots\" content=\"index, follow, max-snippet:-1, max-image-preview:large, max-video-preview:-1\" \/>\n<link rel=\"canonical\" href=\"https:\/\/www.getemed.de\/de\/research\/\" \/>\n<meta property=\"og:locale\" content=\"de_DE\" \/>\n<meta property=\"og:type\" content=\"article\" \/>\n<meta property=\"og:title\" content=\"Research - Medizin- und Informationstechnik AG\" \/>\n<meta property=\"og:description\" content=\"Forschungsprojekte und F\u00f6rderung GETEMED arbeitet derzeit an einem Projekt f\u00fcr: KI-gest\u00fctzte Prozess- und Organisationsinnovation zur St\u00e4rkung der IT-Sicherheit und Wettbewerbsf\u00e4higkeit bei GETEMED. Ziel des Projektes aus dem F\u00f6rderprogramm &#8222;Brandenburgischer Innovationsgutschein [&hellip;]\" \/>\n<meta property=\"og:url\" content=\"https:\/\/www.getemed.de\/de\/research\/\" \/>\n<meta property=\"og:site_name\" content=\"Medizin- und Informationstechnik AG\" \/>\n<meta property=\"article:modified_time\" content=\"2026-01-26T19:18:54+00:00\" \/>\n<meta property=\"og:image\" content=\"https:\/\/www.getemed.de\/wp-content\/uploads\/DE_Co-fundedbytheEU_RGB_POS-scaled.png\" \/>\n\t<meta property=\"og:image:width\" content=\"2560\" \/>\n\t<meta property=\"og:image:height\" content=\"562\" \/>\n\t<meta property=\"og:image:type\" content=\"image\/png\" \/>\n<meta name=\"twitter:card\" content=\"summary_large_image\" \/>\n<meta name=\"twitter:label1\" content=\"Gesch\u00e4tzte Lesezeit\" \/>\n\t<meta name=\"twitter:data1\" content=\"1\u00a0Minute\" \/>\n<script type=\"application\/ld+json\" class=\"yoast-schema-graph\">{\"@context\":\"https:\\\/\\\/schema.org\",\"@graph\":[{\"@type\":\"WebPage\",\"@id\":\"https:\\\/\\\/www.getemed.de\\\/research\\\/\",\"url\":\"https:\\\/\\\/www.getemed.de\\\/research\\\/\",\"name\":\"Research - Medizin- und Informationstechnik AG\",\"isPartOf\":{\"@id\":\"https:\\\/\\\/www.getemed.de\\\/de\\\/#website\"},\"primaryImageOfPage\":{\"@id\":\"https:\\\/\\\/www.getemed.de\\\/research\\\/#primaryimage\"},\"image\":{\"@id\":\"https:\\\/\\\/www.getemed.de\\\/research\\\/#primaryimage\"},\"thumbnailUrl\":\"https:\\\/\\\/www.getemed.de\\\/wp-content\\\/uploads\\\/DE_Co-fundedbytheEU_RGB_POS-300x66.png\",\"datePublished\":\"2022-08-16T11:52:31+00:00\",\"dateModified\":\"2026-01-26T19:18:54+00:00\",\"inLanguage\":\"de\",\"potentialAction\":[{\"@type\":\"ReadAction\",\"target\":[\"https:\\\/\\\/www.getemed.de\\\/research\\\/\"]}]},{\"@type\":\"ImageObject\",\"inLanguage\":\"de\",\"@id\":\"https:\\\/\\\/www.getemed.de\\\/research\\\/#primaryimage\",\"url\":\"https:\\\/\\\/www.getemed.de\\\/wp-content\\\/uploads\\\/DE_Co-fundedbytheEU_RGB_POS-300x66.png\",\"contentUrl\":\"https:\\\/\\\/www.getemed.de\\\/wp-content\\\/uploads\\\/DE_Co-fundedbytheEU_RGB_POS-300x66.png\"},{\"@type\":\"WebSite\",\"@id\":\"https:\\\/\\\/www.getemed.de\\\/de\\\/#website\",\"url\":\"https:\\\/\\\/www.getemed.de\\\/de\\\/\",\"name\":\"GETEMED Medizin- und Informationstechnik AG\",\"description\":\"\",\"publisher\":{\"@id\":\"https:\\\/\\\/www.getemed.de\\\/de\\\/#organization\"},\"potentialAction\":[{\"@type\":\"SearchAction\",\"target\":{\"@type\":\"EntryPoint\",\"urlTemplate\":\"https:\\\/\\\/www.getemed.de\\\/de\\\/?s={search_term_string}\"},\"query-input\":{\"@type\":\"PropertyValueSpecification\",\"valueRequired\":true,\"valueName\":\"search_term_string\"}}],\"inLanguage\":\"de\"},{\"@type\":\"Organization\",\"@id\":\"https:\\\/\\\/www.getemed.de\\\/de\\\/#organization\",\"name\":\"GETEMEDNMedizin- und Informationstechnik AG\",\"url\":\"https:\\\/\\\/www.getemed.de\\\/de\\\/\",\"logo\":{\"@type\":\"ImageObject\",\"inLanguage\":\"de\",\"@id\":\"https:\\\/\\\/www.getemed.de\\\/de\\\/#\\\/schema\\\/logo\\\/image\\\/\",\"url\":\"https:\\\/\\\/www.getemed.de\\\/wp-content\\\/uploads\\\/Logo_GETEMED.png\",\"contentUrl\":\"https:\\\/\\\/www.getemed.de\\\/wp-content\\\/uploads\\\/Logo_GETEMED.png\",\"width\":1471,\"height\":305,\"caption\":\"GETEMEDNMedizin- und Informationstechnik AG\"},\"image\":{\"@id\":\"https:\\\/\\\/www.getemed.de\\\/de\\\/#\\\/schema\\\/logo\\\/image\\\/\"}}]}<\/script>\n<!-- \/ Yoast SEO plugin. -->","yoast_head_json":{"title":"Research - Medizin- und Informationstechnik AG","robots":{"index":"index","follow":"follow","max-snippet":"max-snippet:-1","max-image-preview":"max-image-preview:large","max-video-preview":"max-video-preview:-1"},"canonical":"https:\/\/www.getemed.de\/de\/research\/","og_locale":"de_DE","og_type":"article","og_title":"Research - Medizin- und Informationstechnik AG","og_description":"Forschungsprojekte und F\u00f6rderung GETEMED arbeitet derzeit an einem Projekt f\u00fcr: KI-gest\u00fctzte Prozess- und Organisationsinnovation zur St\u00e4rkung der IT-Sicherheit und Wettbewerbsf\u00e4higkeit bei GETEMED. Ziel des Projektes aus dem F\u00f6rderprogramm &#8222;Brandenburgischer Innovationsgutschein [&hellip;]","og_url":"https:\/\/www.getemed.de\/de\/research\/","og_site_name":"Medizin- und Informationstechnik AG","article_modified_time":"2026-01-26T19:18:54+00:00","og_image":[{"width":2560,"height":562,"url":"https:\/\/www.getemed.de\/wp-content\/uploads\/DE_Co-fundedbytheEU_RGB_POS-scaled.png","type":"image\/png"}],"twitter_card":"summary_large_image","twitter_misc":{"Gesch\u00e4tzte Lesezeit":"1\u00a0Minute"},"schema":{"@context":"https:\/\/schema.org","@graph":[{"@type":"WebPage","@id":"https:\/\/www.getemed.de\/research\/","url":"https:\/\/www.getemed.de\/research\/","name":"Research - Medizin- und Informationstechnik AG","isPartOf":{"@id":"https:\/\/www.getemed.de\/de\/#website"},"primaryImageOfPage":{"@id":"https:\/\/www.getemed.de\/research\/#primaryimage"},"image":{"@id":"https:\/\/www.getemed.de\/research\/#primaryimage"},"thumbnailUrl":"https:\/\/www.getemed.de\/wp-content\/uploads\/DE_Co-fundedbytheEU_RGB_POS-300x66.png","datePublished":"2022-08-16T11:52:31+00:00","dateModified":"2026-01-26T19:18:54+00:00","inLanguage":"de","potentialAction":[{"@type":"ReadAction","target":["https:\/\/www.getemed.de\/research\/"]}]},{"@type":"ImageObject","inLanguage":"de","@id":"https:\/\/www.getemed.de\/research\/#primaryimage","url":"https:\/\/www.getemed.de\/wp-content\/uploads\/DE_Co-fundedbytheEU_RGB_POS-300x66.png","contentUrl":"https:\/\/www.getemed.de\/wp-content\/uploads\/DE_Co-fundedbytheEU_RGB_POS-300x66.png"},{"@type":"WebSite","@id":"https:\/\/www.getemed.de\/de\/#website","url":"https:\/\/www.getemed.de\/de\/","name":"GETEMED Medizin- und Informationstechnik AG","description":"","publisher":{"@id":"https:\/\/www.getemed.de\/de\/#organization"},"potentialAction":[{"@type":"SearchAction","target":{"@type":"EntryPoint","urlTemplate":"https:\/\/www.getemed.de\/de\/?s={search_term_string}"},"query-input":{"@type":"PropertyValueSpecification","valueRequired":true,"valueName":"search_term_string"}}],"inLanguage":"de"},{"@type":"Organization","@id":"https:\/\/www.getemed.de\/de\/#organization","name":"GETEMEDNMedizin- und Informationstechnik AG","url":"https:\/\/www.getemed.de\/de\/","logo":{"@type":"ImageObject","inLanguage":"de","@id":"https:\/\/www.getemed.de\/de\/#\/schema\/logo\/image\/","url":"https:\/\/www.getemed.de\/wp-content\/uploads\/Logo_GETEMED.png","contentUrl":"https:\/\/www.getemed.de\/wp-content\/uploads\/Logo_GETEMED.png","width":1471,"height":305,"caption":"GETEMEDNMedizin- und Informationstechnik AG"},"image":{"@id":"https:\/\/www.getemed.de\/de\/#\/schema\/logo\/image\/"}}]}},"_links":{"self":[{"href":"https:\/\/www.getemed.de\/de\/wp-json\/wp\/v2\/pages\/1326","targetHints":{"allow":["GET"]}}],"collection":[{"href":"https:\/\/www.getemed.de\/de\/wp-json\/wp\/v2\/pages"}],"about":[{"href":"https:\/\/www.getemed.de\/de\/wp-json\/wp\/v2\/types\/page"}],"author":[{"embeddable":true,"href":"https:\/\/www.getemed.de\/de\/wp-json\/wp\/v2\/users\/219149281"}],"replies":[{"embeddable":true,"href":"https:\/\/www.getemed.de\/de\/wp-json\/wp\/v2\/comments?post=1326"}],"version-history":[{"count":15,"href":"https:\/\/www.getemed.de\/de\/wp-json\/wp\/v2\/pages\/1326\/revisions"}],"predecessor-version":[{"id":9356,"href":"https:\/\/www.getemed.de\/de\/wp-json\/wp\/v2\/pages\/1326\/revisions\/9356"}],"wp:attachment":[{"href":"https:\/\/www.getemed.de\/de\/wp-json\/wp\/v2\/media?parent=1326"}],"curies":[{"name":"wp","href":"https:\/\/api.w.org\/{rel}","templated":true}]}}