{"id":1324,"date":"2022-08-16T13:51:28","date_gmt":"2022-08-16T11:51:28","guid":{"rendered":"https:\/\/www.getemed.de\/?page_id=1324"},"modified":"2026-04-02T11:12:29","modified_gmt":"2026-04-02T09:12:29","slug":"management","status":"publish","type":"page","link":"https:\/\/www.getemed.de\/de\/management\/","title":{"rendered":"Management"},"content":{"rendered":"\t\t<div data-elementor-type=\"wp-page\" data-elementor-id=\"1324\" class=\"elementor elementor-1324\" data-elementor-post-type=\"page\">\n\t\t\t\t\t\t<section class=\"elementor-section elementor-top-section elementor-element elementor-element-843e0fd elementor-section-height-min-height elementor-reverse-mobile elementor-reverse-tablet elementor-section-boxed elementor-section-height-default elementor-section-items-middle elementor-invisible\" data-id=\"843e0fd\" data-element_type=\"section\" data-e-type=\"section\" data-settings=\"{&quot;background_background&quot;:&quot;classic&quot;,&quot;animation&quot;:&quot;fadeIn&quot;}\">\n\t\t\t\t\t\t\t<div class=\"elementor-background-overlay\"><\/div>\n\t\t\t\t\t\t\t<div class=\"elementor-container elementor-column-gap-default\">\n\t\t\t\t\t<div class=\"elementor-column elementor-col-100 elementor-top-column elementor-element elementor-element-0a5d743\" data-id=\"0a5d743\" data-element_type=\"column\" data-e-type=\"column\">\n\t\t\t<div class=\"elementor-widget-wrap elementor-element-populated\">\n\t\t\t\t\t\t<div class=\"elementor-element elementor-element-99a0bdc elementor-widget__width-inherit elementor-widget elementor-widget-heading\" data-id=\"99a0bdc\" data-element_type=\"widget\" data-e-type=\"widget\" data-widget_type=\"heading.default\">\n\t\t\t\t<div class=\"elementor-widget-container\">\n\t\t\t\t\t<h1 class=\"elementor-heading-title elementor-size-default\">Vorstand<\/h1>\t\t\t\t<\/div>\n\t\t\t\t<\/div>\n\t\t\t\t\t<\/div>\n\t\t<\/div>\n\t\t\t\t\t<\/div>\n\t\t<\/section>\n\t\t\t\t<section class=\"elementor-section elementor-top-section elementor-element elementor-element-668d4ef elementor-section-boxed elementor-section-height-default elementor-section-height-default\" data-id=\"668d4ef\" data-element_type=\"section\" data-e-type=\"section\">\n\t\t\t\t\t\t<div class=\"elementor-container elementor-column-gap-default\">\n\t\t\t\t\t<div class=\"elementor-column elementor-col-100 elementor-top-column elementor-element elementor-element-edf7957\" data-id=\"edf7957\" data-element_type=\"column\" data-e-type=\"column\">\n\t\t\t<div class=\"elementor-widget-wrap elementor-element-populated\">\n\t\t\t\t\t\t<div class=\"elementor-element elementor-element-514afa8 elementor-widget elementor-widget-text-editor\" data-id=\"514afa8\" data-element_type=\"widget\" data-e-type=\"widget\" data-widget_type=\"text-editor.default\">\n\t\t\t\t<div class=\"elementor-widget-container\">\n\t\t\t\t\t\t\t\t\t<p>Was mit der h\u00e4uslichen \u00dcberwachung von Neugeborenen begann, ist heute ein konsequent ausgebautes Portfolio f\u00fcr ambulantes Vitalfunktions-Monitoring, kardiologische Funktionsdiagnostik, und Telemonitoring \u2013 getragen von rund 70 engagierten Kolleginnen und Kollegen sowie einem starken Netzwerk internationaler Vertriebspartner.<\/p><p>Unser Anspruch ist klar: Wir verbinden klinische Evidenz, alltagstaugliches Design und digitale Vernetzung zu L\u00f6sungen, die Behandelnde entlasten und Patientinnen und Patienten sch\u00fctzen \u2013 \u00fcber alle Altersgruppen hinweg. Mit diesem website pr\u00e4sentieren wir Ihnen die neueste Generation unserer VitaGuard Vitalfunktionsmonitore sowie weitere Gesch\u00e4ftsfelder der GETEMED.<\/p><p>\u2028Unsere Vision leitet uns dabei jeden Tag:<br \/>Mit Erfahrung, Leidenschaft und Kreativit\u00e4t schaffen wir moderne Medizinprodukte f\u00fcr eine Gesundheitsversorgung, die Lebensqualit\u00e4t verbessert und jeden Tag Leben rettet.<\/p>\t\t\t\t\t\t\t\t<\/div>\n\t\t\t\t<\/div>\n\t\t\t\t<section class=\"elementor-section elementor-inner-section elementor-element elementor-element-deca66d elementor-section-boxed elementor-section-height-default elementor-section-height-default\" data-id=\"deca66d\" data-element_type=\"section\" data-e-type=\"section\">\n\t\t\t\t\t\t<div class=\"elementor-container elementor-column-gap-default\">\n\t\t\t\t\t<div class=\"elementor-column elementor-col-50 elementor-inner-column elementor-element elementor-element-df52ea4\" data-id=\"df52ea4\" data-element_type=\"column\" data-e-type=\"column\">\n\t\t\t<div class=\"elementor-widget-wrap elementor-element-populated\">\n\t\t\t\t\t\t<div class=\"elementor-element elementor-element-0ef6e37 elementor-widget elementor-widget-text-editor\" data-id=\"0ef6e37\" data-element_type=\"widget\" data-e-type=\"widget\" data-widget_type=\"text-editor.default\">\n\t\t\t\t<div class=\"elementor-widget-container\">\n\t\t\t\t\t\t\t\t\t<p class=\"MsoNoSpacing\"><span style=\"font-weight: bold;\"><span lang=\"DE\">Michael Scherf (Vorsitz)\u00a0<\/span><\/span><\/p><p class=\"MsoNoSpacing\"><span lang=\"DE\">Michael Scherf wurde 1965 in Berlin geboren. Nach dem Studium der Elektrotechnik an der Technischen Universit\u00e4t Dresden trat er 1992 als Produktmanager in die\u00a0GeTeMed Gesellschaft f\u00fcr Technische Medizin mbH\u00a0ein.<\/span><\/p><p class=\"MsoNoSpacing\"><span lang=\"DE\">Nach einem berufsbegleitenden Masterstudium an der Freien Universit\u00e4t Berlin \u00fcbernahm er 1998 die Marketing- und Vertriebsleitung.<\/span><\/p><p class=\"MsoNoSpacing\"><span lang=\"DE\">Seit August 2000 ist er Vorstandsmitglied und seit Mai 2010 Vorstandsvorsitzender der GETEMED Medizin- und Informationstechnik AG.<\/span><\/p>\t\t\t\t\t\t\t\t<\/div>\n\t\t\t\t<\/div>\n\t\t\t\t\t<\/div>\n\t\t<\/div>\n\t\t\t\t<div class=\"elementor-column elementor-col-50 elementor-inner-column elementor-element elementor-element-51a1359\" data-id=\"51a1359\" data-element_type=\"column\" data-e-type=\"column\">\n\t\t\t<div class=\"elementor-widget-wrap elementor-element-populated\">\n\t\t\t\t\t\t<div class=\"elementor-element elementor-element-825eb94 elementor-widget elementor-widget-image\" data-id=\"825eb94\" data-element_type=\"widget\" data-e-type=\"widget\" data-widget_type=\"image.default\">\n\t\t\t\t<div class=\"elementor-widget-container\">\n\t\t\t\t\t\t\t\t\t\t\t\t\t\t\t<img fetchpriority=\"high\" decoding=\"async\" width=\"714\" height=\"1070\" src=\"https:\/\/www.getemed.de\/wp-content\/uploads\/Michael-Scherf.png\" class=\"attachment-1536x1536 size-1536x1536 wp-image-9432\" alt=\"\" srcset=\"https:\/\/www.getemed.de\/wp-content\/uploads\/Michael-Scherf.png 714w, https:\/\/www.getemed.de\/wp-content\/uploads\/Michael-Scherf-200x300.png 200w, https:\/\/www.getemed.de\/wp-content\/uploads\/Michael-Scherf-683x1024.png 683w, https:\/\/www.getemed.de\/wp-content\/uploads\/Michael-Scherf-100x150.png 100w, https:\/\/www.getemed.de\/wp-content\/uploads\/Michael-Scherf-8x12.png 8w\" sizes=\"(max-width: 714px) 100vw, 714px\" \/>\t\t\t\t\t\t\t\t\t\t\t\t\t\t\t<\/div>\n\t\t\t\t<\/div>\n\t\t\t\t\t<\/div>\n\t\t<\/div>\n\t\t\t\t\t<\/div>\n\t\t<\/section>\n\t\t\t\t<section class=\"elementor-section elementor-inner-section elementor-element elementor-element-86ad2b0 elementor-section-boxed elementor-section-height-default elementor-section-height-default\" data-id=\"86ad2b0\" data-element_type=\"section\" data-e-type=\"section\">\n\t\t\t\t\t\t<div class=\"elementor-container elementor-column-gap-default\">\n\t\t\t\t\t<div class=\"elementor-column elementor-col-50 elementor-inner-column elementor-element elementor-element-eec31df\" data-id=\"eec31df\" data-element_type=\"column\" data-e-type=\"column\">\n\t\t\t<div class=\"elementor-widget-wrap elementor-element-populated\">\n\t\t\t\t\t\t<div class=\"elementor-element elementor-element-4fb5cd4 elementor-widget elementor-widget-text-editor\" data-id=\"4fb5cd4\" data-element_type=\"widget\" data-e-type=\"widget\" data-widget_type=\"text-editor.default\">\n\t\t\t\t<div class=\"elementor-widget-container\">\n\t\t\t\t\t\t\t\t\t<p class=\"MsoNoSpacing\"><span style=\"font-weight: bold;\"><span lang=\"DE\">Robert Downes\u00a0<\/span><\/span><\/p><p class=\"MsoNoSpacing\"><span lang=\"DE\">1963 in Dublin, Irland, geboren. Nach seinem Studium f\u00fcr Elektrotechnik fing er 1987 als Hardwareentwickler bei der GeTeMed Gesellschaft f\u00fcr Technische Medizin mbH an.\u00a0<\/span><\/p><p class=\"MsoNoSpacing\"><span lang=\"DE\">1996 \u00fcbernahm er die Leitung der Entwicklungsabteilung und war 1998 ma\u00dfgeblich f\u00fcr den Aufbau und die Einf\u00fchrung des Qualit\u00e4tsmanagementsystems nach ISO 9001 verantwortlich.\u00a0<\/span><\/p><p class=\"MsoNoSpacing\"><span style=\"color: var( --e-global-color-text );\">Seit April 2010 ist er Vorstandsmitglied der GETEMED Medizin- und Informationstechnik AG.<\/span><\/p>\t\t\t\t\t\t\t\t<\/div>\n\t\t\t\t<\/div>\n\t\t\t\t\t<\/div>\n\t\t<\/div>\n\t\t\t\t<div class=\"elementor-column elementor-col-50 elementor-inner-column elementor-element elementor-element-16577d7\" data-id=\"16577d7\" data-element_type=\"column\" data-e-type=\"column\">\n\t\t\t<div class=\"elementor-widget-wrap elementor-element-populated\">\n\t\t\t\t\t\t<div class=\"elementor-element elementor-element-8dea7bb elementor-widget elementor-widget-image\" data-id=\"8dea7bb\" data-element_type=\"widget\" data-e-type=\"widget\" data-widget_type=\"image.default\">\n\t\t\t\t<div class=\"elementor-widget-container\">\n\t\t\t\t\t\t\t\t\t\t\t\t\t\t\t<img decoding=\"async\" src=\"https:\/\/www.getemed.de\/wp-content\/uploads\/Robert-Downes.png\" title=\"Robert-Downes\" alt=\"Robert-Downes\" loading=\"lazy\" \/>\t\t\t\t\t\t\t\t\t\t\t\t\t\t\t<\/div>\n\t\t\t\t<\/div>\n\t\t\t\t\t<\/div>\n\t\t<\/div>\n\t\t\t\t\t<\/div>\n\t\t<\/section>\n\t\t\t\t<section class=\"elementor-section elementor-inner-section elementor-element elementor-element-349aa74 elementor-section-boxed elementor-section-height-default elementor-section-height-default\" data-id=\"349aa74\" data-element_type=\"section\" data-e-type=\"section\">\n\t\t\t\t\t\t<div class=\"elementor-container elementor-column-gap-default\">\n\t\t\t\t\t<div class=\"elementor-column elementor-col-50 elementor-inner-column elementor-element elementor-element-557d5c0\" data-id=\"557d5c0\" data-element_type=\"column\" data-e-type=\"column\">\n\t\t\t<div class=\"elementor-widget-wrap elementor-element-populated\">\n\t\t\t\t\t\t<div class=\"elementor-element elementor-element-8b699e5 elementor-widget elementor-widget-text-editor\" data-id=\"8b699e5\" data-element_type=\"widget\" data-e-type=\"widget\" data-widget_type=\"text-editor.default\">\n\t\t\t\t<div class=\"elementor-widget-container\">\n\t\t\t\t\t\t\t\t\t<p class=\"MsoNoSpacing\"><span style=\"font-weight: bold;\"><span lang=\"DE\">Xaver Klingauf<\/span><\/span><\/p><p>Xaver Klingauf, geboren 1992 in Berlin, ist seit 2013 bei GETEMED t\u00e4tig. Parallel zu seiner beruflichen Laufbahn absolvierte er 2019 den Bachelor of Engineering in Elektrotechnik sowie 2022 den Master of Engineering in Technischer Informatik mit dem Schwerpunkt Embedded Systems. Seit 2021 pr\u00e4gt er als Product Owner die Entwicklung mehrerer Produkte in den Bereichen Software und K\u00fcnstliche Intelligenz.<\/p><p>Seit April 2026 ist er CTO und Vorstandsmitglied der GETEMED Medizin- und Informationstechnik AG.<\/p>\t\t\t\t\t\t\t\t<\/div>\n\t\t\t\t<\/div>\n\t\t\t\t\t<\/div>\n\t\t<\/div>\n\t\t\t\t<div class=\"elementor-column elementor-col-50 elementor-inner-column elementor-element elementor-element-372837a\" data-id=\"372837a\" data-element_type=\"column\" data-e-type=\"column\">\n\t\t\t<div class=\"elementor-widget-wrap elementor-element-populated\">\n\t\t\t\t\t\t<div class=\"elementor-element elementor-element-1f78fa8 elementor-widget elementor-widget-image\" data-id=\"1f78fa8\" data-element_type=\"widget\" data-e-type=\"widget\" data-widget_type=\"image.default\">\n\t\t\t\t<div class=\"elementor-widget-container\">\n\t\t\t\t\t\t\t\t\t\t\t\t\t\t\t<img decoding=\"async\" src=\"https:\/\/www.getemed.de\/wp-content\/uploads\/Xaver-Klingauf-1.png\" title=\"Xaver Klingauf 1\" alt=\"Xaver Klingauf 1\" loading=\"lazy\" \/>\t\t\t\t\t\t\t\t\t\t\t\t\t\t\t<\/div>\n\t\t\t\t<\/div>\n\t\t\t\t\t<\/div>\n\t\t<\/div>\n\t\t\t\t\t<\/div>\n\t\t<\/section>\n\t\t\t\t\t<\/div>\n\t\t<\/div>\n\t\t\t\t\t<\/div>\n\t\t<\/section>\n\t\t\t\t<\/div>\n\t\t","protected":false},"excerpt":{"rendered":"<p>Vorstand Was mit der h\u00e4uslichen \u00dcberwachung von Neugeborenen begann, ist heute ein konsequent ausgebautes Portfolio f\u00fcr ambulantes Vitalfunktions-Monitoring, kardiologische Funktionsdiagnostik, und Telemonitoring \u2013 getragen von rund 70 engagierten Kolleginnen und [&hellip;]<\/p>\n","protected":false},"author":219149281,"featured_media":0,"parent":0,"menu_order":0,"comment_status":"closed","ping_status":"closed","template":"","meta":{"footnotes":""},"class_list":["post-1324","page","type-page","status-publish","hentry"],"yoast_head":"<!-- This site is optimized with the Yoast SEO plugin v27.3 - https:\/\/yoast.com\/product\/yoast-seo-wordpress\/ -->\n<title>Management - Medizin- und Informationstechnik AG<\/title>\n<meta name=\"robots\" content=\"index, follow, max-snippet:-1, max-image-preview:large, max-video-preview:-1\" \/>\n<link rel=\"canonical\" href=\"https:\/\/www.getemed.de\/de\/management\/\" \/>\n<meta property=\"og:locale\" content=\"de_DE\" \/>\n<meta property=\"og:type\" content=\"article\" \/>\n<meta property=\"og:title\" content=\"Management - Medizin- und Informationstechnik AG\" \/>\n<meta property=\"og:description\" content=\"Vorstand Was mit der h\u00e4uslichen \u00dcberwachung von Neugeborenen begann, ist heute ein konsequent ausgebautes Portfolio f\u00fcr ambulantes Vitalfunktions-Monitoring, kardiologische Funktionsdiagnostik, und Telemonitoring \u2013 getragen von rund 70 engagierten Kolleginnen und [&hellip;]\" \/>\n<meta property=\"og:url\" content=\"https:\/\/www.getemed.de\/de\/management\/\" \/>\n<meta property=\"og:site_name\" content=\"Medizin- und Informationstechnik AG\" \/>\n<meta property=\"article:modified_time\" content=\"2026-04-02T09:12:29+00:00\" \/>\n<meta property=\"og:image\" content=\"https:\/\/www.getemed.de\/wp-content\/uploads\/Michael-Scherf.png\" \/>\n\t<meta property=\"og:image:width\" content=\"714\" \/>\n\t<meta property=\"og:image:height\" content=\"1070\" \/>\n\t<meta property=\"og:image:type\" content=\"image\/png\" \/>\n<meta name=\"twitter:card\" content=\"summary_large_image\" \/>\n<meta name=\"twitter:label1\" content=\"Gesch\u00e4tzte Lesezeit\" \/>\n\t<meta name=\"twitter:data1\" content=\"3\u00a0Minuten\" \/>\n<script type=\"application\/ld+json\" class=\"yoast-schema-graph\">{\"@context\":\"https:\\\/\\\/schema.org\",\"@graph\":[{\"@type\":\"WebPage\",\"@id\":\"https:\\\/\\\/www.getemed.de\\\/de\\\/management\\\/\",\"url\":\"https:\\\/\\\/www.getemed.de\\\/de\\\/management\\\/\",\"name\":\"Management - Medizin- und Informationstechnik AG\",\"isPartOf\":{\"@id\":\"https:\\\/\\\/www.getemed.de\\\/de\\\/#website\"},\"primaryImageOfPage\":{\"@id\":\"https:\\\/\\\/www.getemed.de\\\/de\\\/management\\\/#primaryimage\"},\"image\":{\"@id\":\"https:\\\/\\\/www.getemed.de\\\/de\\\/management\\\/#primaryimage\"},\"thumbnailUrl\":\"https:\\\/\\\/www.getemed.de\\\/wp-content\\\/uploads\\\/Michael-Scherf.png\",\"datePublished\":\"2022-08-16T11:51:28+00:00\",\"dateModified\":\"2026-04-02T09:12:29+00:00\",\"inLanguage\":\"de\",\"potentialAction\":[{\"@type\":\"ReadAction\",\"target\":[\"https:\\\/\\\/www.getemed.de\\\/de\\\/management\\\/\"]}]},{\"@type\":\"ImageObject\",\"inLanguage\":\"de\",\"@id\":\"https:\\\/\\\/www.getemed.de\\\/de\\\/management\\\/#primaryimage\",\"url\":\"https:\\\/\\\/www.getemed.de\\\/wp-content\\\/uploads\\\/Michael-Scherf.png\",\"contentUrl\":\"https:\\\/\\\/www.getemed.de\\\/wp-content\\\/uploads\\\/Michael-Scherf.png\"},{\"@type\":\"WebSite\",\"@id\":\"https:\\\/\\\/www.getemed.de\\\/de\\\/#website\",\"url\":\"https:\\\/\\\/www.getemed.de\\\/de\\\/\",\"name\":\"GETEMED Medizin- und Informationstechnik AG\",\"description\":\"\",\"publisher\":{\"@id\":\"https:\\\/\\\/www.getemed.de\\\/de\\\/#organization\"},\"potentialAction\":[{\"@type\":\"SearchAction\",\"target\":{\"@type\":\"EntryPoint\",\"urlTemplate\":\"https:\\\/\\\/www.getemed.de\\\/de\\\/?s={search_term_string}\"},\"query-input\":{\"@type\":\"PropertyValueSpecification\",\"valueRequired\":true,\"valueName\":\"search_term_string\"}}],\"inLanguage\":\"de\"},{\"@type\":\"Organization\",\"@id\":\"https:\\\/\\\/www.getemed.de\\\/de\\\/#organization\",\"name\":\"GETEMEDNMedizin- und Informationstechnik AG\",\"url\":\"https:\\\/\\\/www.getemed.de\\\/de\\\/\",\"logo\":{\"@type\":\"ImageObject\",\"inLanguage\":\"de\",\"@id\":\"https:\\\/\\\/www.getemed.de\\\/de\\\/#\\\/schema\\\/logo\\\/image\\\/\",\"url\":\"https:\\\/\\\/www.getemed.de\\\/wp-content\\\/uploads\\\/Logo_GETEMED.png\",\"contentUrl\":\"https:\\\/\\\/www.getemed.de\\\/wp-content\\\/uploads\\\/Logo_GETEMED.png\",\"width\":1471,\"height\":305,\"caption\":\"GETEMEDNMedizin- und Informationstechnik AG\"},\"image\":{\"@id\":\"https:\\\/\\\/www.getemed.de\\\/de\\\/#\\\/schema\\\/logo\\\/image\\\/\"}}]}<\/script>\n<!-- \/ Yoast SEO plugin. -->","yoast_head_json":{"title":"Management - Medizin- und Informationstechnik AG","robots":{"index":"index","follow":"follow","max-snippet":"max-snippet:-1","max-image-preview":"max-image-preview:large","max-video-preview":"max-video-preview:-1"},"canonical":"https:\/\/www.getemed.de\/de\/management\/","og_locale":"de_DE","og_type":"article","og_title":"Management - Medizin- und Informationstechnik AG","og_description":"Vorstand Was mit der h\u00e4uslichen \u00dcberwachung von Neugeborenen begann, ist heute ein konsequent ausgebautes Portfolio f\u00fcr ambulantes Vitalfunktions-Monitoring, kardiologische Funktionsdiagnostik, und Telemonitoring \u2013 getragen von rund 70 engagierten Kolleginnen und [&hellip;]","og_url":"https:\/\/www.getemed.de\/de\/management\/","og_site_name":"Medizin- und Informationstechnik AG","article_modified_time":"2026-04-02T09:12:29+00:00","og_image":[{"width":714,"height":1070,"url":"https:\/\/www.getemed.de\/wp-content\/uploads\/Michael-Scherf.png","type":"image\/png"}],"twitter_card":"summary_large_image","twitter_misc":{"Gesch\u00e4tzte Lesezeit":"3\u00a0Minuten"},"schema":{"@context":"https:\/\/schema.org","@graph":[{"@type":"WebPage","@id":"https:\/\/www.getemed.de\/de\/management\/","url":"https:\/\/www.getemed.de\/de\/management\/","name":"Management - Medizin- und Informationstechnik AG","isPartOf":{"@id":"https:\/\/www.getemed.de\/de\/#website"},"primaryImageOfPage":{"@id":"https:\/\/www.getemed.de\/de\/management\/#primaryimage"},"image":{"@id":"https:\/\/www.getemed.de\/de\/management\/#primaryimage"},"thumbnailUrl":"https:\/\/www.getemed.de\/wp-content\/uploads\/Michael-Scherf.png","datePublished":"2022-08-16T11:51:28+00:00","dateModified":"2026-04-02T09:12:29+00:00","inLanguage":"de","potentialAction":[{"@type":"ReadAction","target":["https:\/\/www.getemed.de\/de\/management\/"]}]},{"@type":"ImageObject","inLanguage":"de","@id":"https:\/\/www.getemed.de\/de\/management\/#primaryimage","url":"https:\/\/www.getemed.de\/wp-content\/uploads\/Michael-Scherf.png","contentUrl":"https:\/\/www.getemed.de\/wp-content\/uploads\/Michael-Scherf.png"},{"@type":"WebSite","@id":"https:\/\/www.getemed.de\/de\/#website","url":"https:\/\/www.getemed.de\/de\/","name":"GETEMED Medizin- und Informationstechnik AG","description":"","publisher":{"@id":"https:\/\/www.getemed.de\/de\/#organization"},"potentialAction":[{"@type":"SearchAction","target":{"@type":"EntryPoint","urlTemplate":"https:\/\/www.getemed.de\/de\/?s={search_term_string}"},"query-input":{"@type":"PropertyValueSpecification","valueRequired":true,"valueName":"search_term_string"}}],"inLanguage":"de"},{"@type":"Organization","@id":"https:\/\/www.getemed.de\/de\/#organization","name":"GETEMEDNMedizin- und Informationstechnik AG","url":"https:\/\/www.getemed.de\/de\/","logo":{"@type":"ImageObject","inLanguage":"de","@id":"https:\/\/www.getemed.de\/de\/#\/schema\/logo\/image\/","url":"https:\/\/www.getemed.de\/wp-content\/uploads\/Logo_GETEMED.png","contentUrl":"https:\/\/www.getemed.de\/wp-content\/uploads\/Logo_GETEMED.png","width":1471,"height":305,"caption":"GETEMEDNMedizin- und Informationstechnik AG"},"image":{"@id":"https:\/\/www.getemed.de\/de\/#\/schema\/logo\/image\/"}}]}},"_links":{"self":[{"href":"https:\/\/www.getemed.de\/de\/wp-json\/wp\/v2\/pages\/1324","targetHints":{"allow":["GET"]}}],"collection":[{"href":"https:\/\/www.getemed.de\/de\/wp-json\/wp\/v2\/pages"}],"about":[{"href":"https:\/\/www.getemed.de\/de\/wp-json\/wp\/v2\/types\/page"}],"author":[{"embeddable":true,"href":"https:\/\/www.getemed.de\/de\/wp-json\/wp\/v2\/users\/219149281"}],"replies":[{"embeddable":true,"href":"https:\/\/www.getemed.de\/de\/wp-json\/wp\/v2\/comments?post=1324"}],"version-history":[{"count":15,"href":"https:\/\/www.getemed.de\/de\/wp-json\/wp\/v2\/pages\/1324\/revisions"}],"predecessor-version":[{"id":9576,"href":"https:\/\/www.getemed.de\/de\/wp-json\/wp\/v2\/pages\/1324\/revisions\/9576"}],"wp:attachment":[{"href":"https:\/\/www.getemed.de\/de\/wp-json\/wp\/v2\/media?parent=1324"}],"curies":[{"name":"wp","href":"https:\/\/api.w.org\/{rel}","templated":true}]}}